{"id":3113,"date":"2024-04-23T10:04:45","date_gmt":"2024-04-23T08:04:45","guid":{"rendered":"https:\/\/laetitiagrun.art\/?page_id=3113"},"modified":"2024-04-23T10:27:49","modified_gmt":"2024-04-23T08:27:49","slug":"a-travers","status":"publish","type":"page","link":"https:\/\/laetitiagrun.art\/?page_id=3113","title":{"rendered":"\u00c0 TRAVERS"},"content":{"rendered":"\t\t<div data-elementor-type=\"wp-page\" data-elementor-id=\"3113\" class=\"elementor elementor-3113\">\n\t\t\t\t\t\t<section class=\"elementor-section elementor-top-section elementor-element elementor-element-ddfc06d elementor-section-boxed elementor-section-height-default elementor-section-height-default\" data-id=\"ddfc06d\" data-element_type=\"section\" data-e-type=\"section\">\n\t\t\t\t\t\t<div class=\"elementor-container elementor-column-gap-default\">\n\t\t\t\t\t<div class=\"elementor-column elementor-col-100 elementor-top-column elementor-element elementor-element-37fd5bb\" data-id=\"37fd5bb\" data-element_type=\"column\" data-e-type=\"column\">\n\t\t\t<div class=\"elementor-widget-wrap elementor-element-populated\">\n\t\t\t\t\t\t<div class=\"elementor-element elementor-element-6415350 elementor-widget elementor-widget-text-editor\" data-id=\"6415350\" data-element_type=\"widget\" data-e-type=\"widget\" data-widget_type=\"text-editor.default\">\n\t\t\t\t<div class=\"elementor-widget-container\">\n\t\t\t\t\t\t\t\t\t<p><span style=\"color: #ff6600;\">2021<\/span><br \/><span style=\"color: #ff6600;\">Technique mixte, dessin et papiers d\u00e9coup\u00e9s<\/span><\/p>\t\t\t\t\t\t\t\t<\/div>\n\t\t\t\t<\/div>\n\t\t\t\t\t<\/div>\n\t\t<\/div>\n\t\t\t\t\t<\/div>\n\t\t<\/section>\n\t\t\t\t<section class=\"elementor-section elementor-top-section elementor-element elementor-element-4a2c9b1 elementor-section-full_width elementor-section-height-default elementor-section-height-default\" data-id=\"4a2c9b1\" data-element_type=\"section\" data-e-type=\"section\">\n\t\t\t\t\t\t<div class=\"elementor-container elementor-column-gap-narrow\">\n\t\t\t\t\t<div class=\"elementor-column elementor-col-100 elementor-top-column elementor-element elementor-element-5f6bb79\" data-id=\"5f6bb79\" data-element_type=\"column\" data-e-type=\"column\">\n\t\t\t<div class=\"elementor-widget-wrap elementor-element-populated\">\n\t\t\t\t\t\t<div class=\"elementor-element elementor-element-b003463 gallery-spacing-custom elementor-widget elementor-widget-image-gallery\" data-id=\"b003463\" data-element_type=\"widget\" data-e-type=\"widget\" data-widget_type=\"image-gallery.default\">\n\t\t\t\t<div class=\"elementor-widget-container\">\n\t\t\t\t\t\t\t<div class=\"elementor-image-gallery\">\n\t\t\t<div id='gallery-1' class='gallery galleryid-3113 gallery-columns-4 gallery-size-sketch-square'><figure class='gallery-item'>\n\t\t\t<div class='gallery-icon portrait'>\n\t\t\t\t<a data-elementor-open-lightbox=\"yes\" data-elementor-lightbox-slideshow=\"b003463\" data-elementor-lightbox-title=\"\u00c0 TRAVERS\" data-elementor-lightbox-description=\"Dessin stylo \u00e0 bille bleu sur papier \n15 x 15 \nCollection priv\u00e9e\" data-e-action-hash=\"#elementor-action%3Aaction%3Dlightbox%26settings%3DeyJpZCI6MzEyMywidXJsIjoiaHR0cHM6XC9cL2xhZXRpdGlhZ3J1bi5hcnRcL3dwLWNvbnRlbnRcL3VwbG9hZHNcL2EtdHJhdmVyczQtc2NhbGVkLWUxNzEzODU4Njc0NTkxLmpwZWciLCJzbGlkZXNob3ciOiJiMDAzNDYzIn0%3D\" href='https:\/\/laetitiagrun.art\/wp-content\/uploads\/a-travers4-scaled-e1713858674591.jpeg'><img fetchpriority=\"high\" decoding=\"async\" width=\"800\" height=\"800\" src=\"https:\/\/laetitiagrun.art\/wp-content\/uploads\/a-travers4-scaled-e1713858674591-800x800.jpeg\" class=\"attachment-sketch-square size-sketch-square\" alt=\"Dessin stylo \u00e0 bille bleu sur papier\" aria-describedby=\"gallery-1-3123\" srcset=\"https:\/\/laetitiagrun.art\/wp-content\/uploads\/a-travers4-scaled-e1713858674591-800x800.jpeg 800w, https:\/\/laetitiagrun.art\/wp-content\/uploads\/a-travers4-scaled-e1713858674591-150x150.jpeg 150w\" sizes=\"(max-width: 800px) 100vw, 800px\" \/><\/a>\n\t\t\t<\/div>\n\t\t\t\t<figcaption class='wp-caption-text gallery-caption' id='gallery-1-3123'>\n\t\t\t\tDessin stylo \u00e0 bille bleu sur papier \n15 x 15 \nCollection priv\u00e9e\n\t\t\t\t<\/figcaption><\/figure><figure class='gallery-item'>\n\t\t\t<div class='gallery-icon landscape'>\n\t\t\t\t<a data-elementor-open-lightbox=\"yes\" data-elementor-lightbox-slideshow=\"b003463\" data-elementor-lightbox-title=\"\u00c0 TRAVERS\" data-elementor-lightbox-description=\"Dessin stylo \u00e0 bille bleu sur papier \n15 x 15 \nCollection priv\u00e9e\" data-e-action-hash=\"#elementor-action%3Aaction%3Dlightbox%26settings%3DeyJpZCI6MzEyMSwidXJsIjoiaHR0cHM6XC9cL2xhZXRpdGlhZ3J1bi5hcnRcL3dwLWNvbnRlbnRcL3VwbG9hZHNcL2EtdHJhdmVyczE2LXNjYWxlZC1lMTcxMzg1ODczMDY3NC5qcGVnIiwic2xpZGVzaG93IjoiYjAwMzQ2MyJ9\" href='https:\/\/laetitiagrun.art\/wp-content\/uploads\/a-travers16-scaled-e1713858730674.jpeg'><img decoding=\"async\" width=\"800\" height=\"800\" src=\"https:\/\/laetitiagrun.art\/wp-content\/uploads\/a-travers16-scaled-e1713858730674-800x800.jpeg\" class=\"attachment-sketch-square size-sketch-square\" alt=\"Dessin stylo \u00e0 bille bleu sur papier\" aria-describedby=\"gallery-1-3121\" srcset=\"https:\/\/laetitiagrun.art\/wp-content\/uploads\/a-travers16-scaled-e1713858730674-800x800.jpeg 800w, https:\/\/laetitiagrun.art\/wp-content\/uploads\/a-travers16-scaled-e1713858730674-150x150.jpeg 150w\" sizes=\"(max-width: 800px) 100vw, 800px\" \/><\/a>\n\t\t\t<\/div>\n\t\t\t\t<figcaption class='wp-caption-text gallery-caption' id='gallery-1-3121'>\n\t\t\t\tDessin stylo \u00e0 bille bleu sur papier \n15 x 15 \nCollection priv\u00e9e\n\t\t\t\t<\/figcaption><\/figure><figure class='gallery-item'>\n\t\t\t<div class='gallery-icon landscape'>\n\t\t\t\t<a data-elementor-open-lightbox=\"yes\" data-elementor-lightbox-slideshow=\"b003463\" data-elementor-lightbox-title=\"\u00c0 TRAVERS\" data-elementor-lightbox-description=\"Dessin stylo \u00e0 bille bleu sur papier \n15 x 15 \nCollection priv\u00e9e\" data-e-action-hash=\"#elementor-action%3Aaction%3Dlightbox%26settings%3DeyJpZCI6MzEyMCwidXJsIjoiaHR0cHM6XC9cL2xhZXRpdGlhZ3J1bi5hcnRcL3dwLWNvbnRlbnRcL3VwbG9hZHNcL2EtdHJhdmVyczE1LXNjYWxlZC1lMTcxMzg1ODc1MzczNC5qcGVnIiwic2xpZGVzaG93IjoiYjAwMzQ2MyJ9\" href='https:\/\/laetitiagrun.art\/wp-content\/uploads\/a-travers15-scaled-e1713858753734.jpeg'><img decoding=\"async\" width=\"800\" height=\"800\" src=\"https:\/\/laetitiagrun.art\/wp-content\/uploads\/a-travers15-scaled-e1713858753734-800x800.jpeg\" class=\"attachment-sketch-square size-sketch-square\" alt=\"Dessin stylo \u00e0 bille bleu sur papier\" aria-describedby=\"gallery-1-3120\" srcset=\"https:\/\/laetitiagrun.art\/wp-content\/uploads\/a-travers15-scaled-e1713858753734-800x800.jpeg 800w, https:\/\/laetitiagrun.art\/wp-content\/uploads\/a-travers15-scaled-e1713858753734-150x150.jpeg 150w\" sizes=\"(max-width: 800px) 100vw, 800px\" \/><\/a>\n\t\t\t<\/div>\n\t\t\t\t<figcaption class='wp-caption-text gallery-caption' id='gallery-1-3120'>\n\t\t\t\tDessin stylo \u00e0 bille bleu sur papier \n15 x 15 \nCollection priv\u00e9e\n\t\t\t\t<\/figcaption><\/figure><figure class='gallery-item'>\n\t\t\t<div class='gallery-icon portrait'>\n\t\t\t\t<a data-elementor-open-lightbox=\"yes\" data-elementor-lightbox-slideshow=\"b003463\" data-elementor-lightbox-title=\"\u00c0 TRAVERS\" data-elementor-lightbox-description=\"Dessin stylo \u00e0 bille bleu sur papier \n15 x 15 \nCollection priv\u00e9e\" data-e-action-hash=\"#elementor-action%3Aaction%3Dlightbox%26settings%3DeyJpZCI6MzEyNCwidXJsIjoiaHR0cHM6XC9cL2xhZXRpdGlhZ3J1bi5hcnRcL3dwLWNvbnRlbnRcL3VwbG9hZHNcL2EtdHJhdmVyczYtc2NhbGVkLWUxNzEzODU4NTg4MTQzLmpwZWciLCJzbGlkZXNob3ciOiJiMDAzNDYzIn0%3D\" href='https:\/\/laetitiagrun.art\/wp-content\/uploads\/a-travers6-scaled-e1713858588143.jpeg'><img loading=\"lazy\" decoding=\"async\" width=\"800\" height=\"800\" src=\"https:\/\/laetitiagrun.art\/wp-content\/uploads\/a-travers6-scaled-e1713858588143-800x800.jpeg\" class=\"attachment-sketch-square size-sketch-square\" alt=\"Dessin stylo \u00e0 bille bleu sur papier\" aria-describedby=\"gallery-1-3124\" srcset=\"https:\/\/laetitiagrun.art\/wp-content\/uploads\/a-travers6-scaled-e1713858588143-800x800.jpeg 800w, https:\/\/laetitiagrun.art\/wp-content\/uploads\/a-travers6-scaled-e1713858588143-150x150.jpeg 150w\" sizes=\"(max-width: 800px) 100vw, 800px\" \/><\/a>\n\t\t\t<\/div>\n\t\t\t\t<figcaption class='wp-caption-text gallery-caption' id='gallery-1-3124'>\n\t\t\t\tDessin stylo \u00e0 bille bleu sur papier \n15 x 15 \nCollection priv\u00e9e\n\t\t\t\t<\/figcaption><\/figure>\n\t\t<\/div>\n\t\t<\/div>\n\t\t\t\t\t\t<\/div>\n\t\t\t\t<\/div>\n\t\t\t\t\t<\/div>\n\t\t<\/div>\n\t\t\t\t\t<\/div>\n\t\t<\/section>\n\t\t\t\t<section class=\"elementor-section elementor-top-section elementor-element elementor-element-342e4f1 elementor-section-boxed elementor-section-height-default elementor-section-height-default\" data-id=\"342e4f1\" data-element_type=\"section\" data-e-type=\"section\">\n\t\t\t\t\t\t<div class=\"elementor-container elementor-column-gap-default\">\n\t\t\t\t\t<div class=\"elementor-column elementor-col-33 elementor-top-column elementor-element elementor-element-262b759\" data-id=\"262b759\" data-element_type=\"column\" data-e-type=\"column\">\n\t\t\t<div class=\"elementor-widget-wrap elementor-element-populated\">\n\t\t\t\t\t\t<div class=\"elementor-element elementor-element-167ea90 elementor-widget elementor-widget-image\" data-id=\"167ea90\" data-element_type=\"widget\" data-e-type=\"widget\" data-widget_type=\"image.default\">\n\t\t\t\t<div class=\"elementor-widget-container\">\n\t\t\t\t\t\t\t\t\t\t\t\t\t\t\t<img loading=\"lazy\" decoding=\"async\" width=\"800\" height=\"1067\" src=\"https:\/\/laetitiagrun.art\/wp-content\/uploads\/a-travers13-800x1067.jpg\" class=\"attachment-sketch-portrait size-sketch-portrait wp-image-3118\" alt=\"technique mixte collage, papiers d\u00e9coup\u00e9s stylo \u00e0 bille encre bleu\" \/>\t\t\t\t\t\t\t\t\t\t\t\t\t\t\t<\/div>\n\t\t\t\t<\/div>\n\t\t\t\t\t<\/div>\n\t\t<\/div>\n\t\t\t\t<div class=\"elementor-column elementor-col-33 elementor-top-column elementor-element elementor-element-2775c63\" data-id=\"2775c63\" data-element_type=\"column\" data-e-type=\"column\">\n\t\t\t<div class=\"elementor-widget-wrap elementor-element-populated\">\n\t\t\t\t\t\t<div class=\"elementor-element elementor-element-32f4962 elementor-widget elementor-widget-image\" data-id=\"32f4962\" data-element_type=\"widget\" data-e-type=\"widget\" data-widget_type=\"image.default\">\n\t\t\t\t<div class=\"elementor-widget-container\">\n\t\t\t\t\t\t\t\t\t\t\t\t\t\t\t<img loading=\"lazy\" decoding=\"async\" width=\"800\" height=\"1067\" src=\"https:\/\/laetitiagrun.art\/wp-content\/uploads\/a-travers14-800x1067.jpg\" class=\"attachment-sketch-portrait size-sketch-portrait wp-image-3119\" alt=\"technique mixte collage, papiers d\u00e9coup\u00e9s stylo \u00e0 bille encre bleu\" \/>\t\t\t\t\t\t\t\t\t\t\t\t\t\t\t<\/div>\n\t\t\t\t<\/div>\n\t\t\t\t\t<\/div>\n\t\t<\/div>\n\t\t\t\t<div class=\"elementor-column elementor-col-33 elementor-top-column elementor-element elementor-element-d0a1534\" data-id=\"d0a1534\" data-element_type=\"column\" data-e-type=\"column\">\n\t\t\t<div class=\"elementor-widget-wrap elementor-element-populated\">\n\t\t\t\t\t\t<div class=\"elementor-element elementor-element-6f3e377 elementor-widget elementor-widget-image\" data-id=\"6f3e377\" data-element_type=\"widget\" data-e-type=\"widget\" data-widget_type=\"image.default\">\n\t\t\t\t<div class=\"elementor-widget-container\">\n\t\t\t\t\t\t\t\t\t\t\t\t\t\t\t<img loading=\"lazy\" decoding=\"async\" width=\"800\" height=\"1067\" src=\"https:\/\/laetitiagrun.art\/wp-content\/uploads\/a-travers12-1-800x1067.jpg\" class=\"attachment-sketch-portrait size-sketch-portrait wp-image-3117\" alt=\"technique mixte collage, papiers d\u00e9coup\u00e9s stylo \u00e0 bille encre bleu\" \/>\t\t\t\t\t\t\t\t\t\t\t\t\t\t\t<\/div>\n\t\t\t\t<\/div>\n\t\t\t\t\t<\/div>\n\t\t<\/div>\n\t\t\t\t\t<\/div>\n\t\t<\/section>\n\t\t\t\t<\/div>\n\t\t","protected":false},"excerpt":{"rendered":"<p>2021Technique mixte, dessin et papiers d\u00e9coup\u00e9s Dessin stylo \u00e0 bille bleu sur papier 15 x 15 Collection priv\u00e9e Dessin stylo \u00e0 bille bleu sur papier 15 x 15 Collection priv\u00e9e Dessin stylo \u00e0 bille bleu sur papier 15 x 15 Collection priv\u00e9e Dessin stylo \u00e0 bille bleu sur papier 15 x 15 Collection priv\u00e9e<\/p>\n","protected":false},"author":1,"featured_media":0,"parent":0,"menu_order":0,"comment_status":"closed","ping_status":"closed","template":"","meta":{"footnotes":""},"folder":[18],"class_list":["post-3113","page","type-page","status-publish","hentry"],"yoast_head":"<!-- This site is optimized with the Yoast SEO plugin v27.3 - https:\/\/yoast.com\/product\/yoast-seo-wordpress\/ -->\n<title>\u00c0 TRAVERS &#8226; la\u00ebtitia gr\u00fcn.art<\/title>\n<meta name=\"robots\" content=\"index, follow, max-snippet:-1, max-image-preview:large, max-video-preview:-1\" \/>\n<link rel=\"canonical\" href=\"https:\/\/laetitiagrun.art\/?page_id=3113\" \/>\n<meta property=\"og:locale\" content=\"fr_FR\" \/>\n<meta property=\"og:type\" content=\"article\" \/>\n<meta property=\"og:title\" content=\"\u00c0 TRAVERS &#8226; la\u00ebtitia gr\u00fcn.art\" \/>\n<meta property=\"og:description\" content=\"2021Technique mixte, dessin et papiers d\u00e9coup\u00e9s Dessin stylo \u00e0 bille bleu sur papier 15 x 15 Collection priv\u00e9e Dessin stylo \u00e0 bille bleu sur papier 15 x 15 Collection priv\u00e9e Dessin stylo \u00e0 bille bleu sur papier 15 x 15 Collection priv\u00e9e Dessin stylo \u00e0 bille bleu sur papier 15 x 15 Collection priv\u00e9e\" \/>\n<meta property=\"og:url\" content=\"https:\/\/laetitiagrun.art\/?page_id=3113\" \/>\n<meta property=\"og:site_name\" content=\"la\u00ebtitia gr\u00fcn.art\" \/>\n<meta property=\"article:modified_time\" content=\"2024-04-23T08:27:49+00:00\" \/>\n<meta property=\"og:image\" content=\"https:\/\/laetitiagrun.art\/wp-content\/uploads\/a-travers4-scaled-e1713858674591-800x800.jpeg\" \/>\n<meta name=\"twitter:card\" content=\"summary_large_image\" \/>\n<meta name=\"twitter:label1\" content=\"Dur\u00e9e de lecture estim\u00e9e\" \/>\n\t<meta name=\"twitter:data1\" content=\"2 minutes\" \/>\n<script type=\"application\/ld+json\" class=\"yoast-schema-graph\">{\"@context\":\"https:\\\/\\\/schema.org\",\"@graph\":[{\"@type\":\"WebPage\",\"@id\":\"https:\\\/\\\/laetitiagrun.art\\\/?page_id=3113\",\"url\":\"https:\\\/\\\/laetitiagrun.art\\\/?page_id=3113\",\"name\":\"\u00c0 TRAVERS &#8226; la\u00ebtitia gr\u00fcn.art\",\"isPartOf\":{\"@id\":\"https:\\\/\\\/laetitiagrun.art\\\/#website\"},\"primaryImageOfPage\":{\"@id\":\"https:\\\/\\\/laetitiagrun.art\\\/?page_id=3113#primaryimage\"},\"image\":{\"@id\":\"https:\\\/\\\/laetitiagrun.art\\\/?page_id=3113#primaryimage\"},\"thumbnailUrl\":\"https:\\\/\\\/laetitiagrun.art\\\/wp-content\\\/uploads\\\/a-travers4-scaled-e1713858674591-800x800.jpeg\",\"datePublished\":\"2024-04-23T08:04:45+00:00\",\"dateModified\":\"2024-04-23T08:27:49+00:00\",\"breadcrumb\":{\"@id\":\"https:\\\/\\\/laetitiagrun.art\\\/?page_id=3113#breadcrumb\"},\"inLanguage\":\"fr-FR\",\"potentialAction\":[{\"@type\":\"ReadAction\",\"target\":[\"https:\\\/\\\/laetitiagrun.art\\\/?page_id=3113\"]}]},{\"@type\":\"ImageObject\",\"inLanguage\":\"fr-FR\",\"@id\":\"https:\\\/\\\/laetitiagrun.art\\\/?page_id=3113#primaryimage\",\"url\":\"https:\\\/\\\/laetitiagrun.art\\\/wp-content\\\/uploads\\\/a-travers4-scaled-e1713858674591.jpeg\",\"contentUrl\":\"https:\\\/\\\/laetitiagrun.art\\\/wp-content\\\/uploads\\\/a-travers4-scaled-e1713858674591.jpeg\",\"width\":2274,\"height\":2286,\"caption\":\"Dessin stylo \u00e0 bille bleu sur papier 15 x 15 Collection priv\u00e9e\"},{\"@type\":\"BreadcrumbList\",\"@id\":\"https:\\\/\\\/laetitiagrun.art\\\/?page_id=3113#breadcrumb\",\"itemListElement\":[{\"@type\":\"ListItem\",\"position\":1,\"name\":\"Accueil\",\"item\":\"https:\\\/\\\/laetitiagrun.art\\\/\"},{\"@type\":\"ListItem\",\"position\":2,\"name\":\"\u00c0 TRAVERS\"}]},{\"@type\":\"WebSite\",\"@id\":\"https:\\\/\\\/laetitiagrun.art\\\/#website\",\"url\":\"https:\\\/\\\/laetitiagrun.art\\\/\",\"name\":\"la\u00ebtitiagr\u00fcn.art\",\"description\":\"\",\"publisher\":{\"@id\":\"https:\\\/\\\/laetitiagrun.art\\\/#organization\"},\"potentialAction\":[{\"@type\":\"SearchAction\",\"target\":{\"@type\":\"EntryPoint\",\"urlTemplate\":\"https:\\\/\\\/laetitiagrun.art\\\/?s={search_term_string}\"},\"query-input\":{\"@type\":\"PropertyValueSpecification\",\"valueRequired\":true,\"valueName\":\"search_term_string\"}}],\"inLanguage\":\"fr-FR\"},{\"@type\":\"Organization\",\"@id\":\"https:\\\/\\\/laetitiagrun.art\\\/#organization\",\"name\":\"La\u00ebtitia Gr\u00fcn\",\"url\":\"https:\\\/\\\/laetitiagrun.art\\\/\",\"logo\":{\"@type\":\"ImageObject\",\"inLanguage\":\"fr-FR\",\"@id\":\"https:\\\/\\\/laetitiagrun.art\\\/#\\\/schema\\\/logo\\\/image\\\/\",\"url\":\"https:\\\/\\\/laetitiagrun.art\\\/wp-content\\\/uploads\\\/2019\\\/11\\\/cropped-lae-4.png\",\"contentUrl\":\"https:\\\/\\\/laetitiagrun.art\\\/wp-content\\\/uploads\\\/2019\\\/11\\\/cropped-lae-4.png\",\"width\":512,\"height\":512,\"caption\":\"La\u00ebtitia Gr\u00fcn\"},\"image\":{\"@id\":\"https:\\\/\\\/laetitiagrun.art\\\/#\\\/schema\\\/logo\\\/image\\\/\"},\"sameAs\":[\"https:\\\/\\\/www.instagram.com\\\/laetitia.grun\\\/?hl=fr\"]}]}<\/script>\n<!-- \/ Yoast SEO plugin. -->","yoast_head_json":{"title":"\u00c0 TRAVERS &#8226; la\u00ebtitia gr\u00fcn.art","robots":{"index":"index","follow":"follow","max-snippet":"max-snippet:-1","max-image-preview":"max-image-preview:large","max-video-preview":"max-video-preview:-1"},"canonical":"https:\/\/laetitiagrun.art\/?page_id=3113","og_locale":"fr_FR","og_type":"article","og_title":"\u00c0 TRAVERS &#8226; la\u00ebtitia gr\u00fcn.art","og_description":"2021Technique mixte, dessin et papiers d\u00e9coup\u00e9s Dessin stylo \u00e0 bille bleu sur papier 15 x 15 Collection priv\u00e9e Dessin stylo \u00e0 bille bleu sur papier 15 x 15 Collection priv\u00e9e Dessin stylo \u00e0 bille bleu sur papier 15 x 15 Collection priv\u00e9e Dessin stylo \u00e0 bille bleu sur papier 15 x 15 Collection priv\u00e9e","og_url":"https:\/\/laetitiagrun.art\/?page_id=3113","og_site_name":"la\u00ebtitia gr\u00fcn.art","article_modified_time":"2024-04-23T08:27:49+00:00","og_image":[{"url":"https:\/\/laetitiagrun.art\/wp-content\/uploads\/a-travers4-scaled-e1713858674591-800x800.jpeg","type":"","width":"","height":""}],"twitter_card":"summary_large_image","twitter_misc":{"Dur\u00e9e de lecture estim\u00e9e":"2 minutes"},"schema":{"@context":"https:\/\/schema.org","@graph":[{"@type":"WebPage","@id":"https:\/\/laetitiagrun.art\/?page_id=3113","url":"https:\/\/laetitiagrun.art\/?page_id=3113","name":"\u00c0 TRAVERS &#8226; la\u00ebtitia gr\u00fcn.art","isPartOf":{"@id":"https:\/\/laetitiagrun.art\/#website"},"primaryImageOfPage":{"@id":"https:\/\/laetitiagrun.art\/?page_id=3113#primaryimage"},"image":{"@id":"https:\/\/laetitiagrun.art\/?page_id=3113#primaryimage"},"thumbnailUrl":"https:\/\/laetitiagrun.art\/wp-content\/uploads\/a-travers4-scaled-e1713858674591-800x800.jpeg","datePublished":"2024-04-23T08:04:45+00:00","dateModified":"2024-04-23T08:27:49+00:00","breadcrumb":{"@id":"https:\/\/laetitiagrun.art\/?page_id=3113#breadcrumb"},"inLanguage":"fr-FR","potentialAction":[{"@type":"ReadAction","target":["https:\/\/laetitiagrun.art\/?page_id=3113"]}]},{"@type":"ImageObject","inLanguage":"fr-FR","@id":"https:\/\/laetitiagrun.art\/?page_id=3113#primaryimage","url":"https:\/\/laetitiagrun.art\/wp-content\/uploads\/a-travers4-scaled-e1713858674591.jpeg","contentUrl":"https:\/\/laetitiagrun.art\/wp-content\/uploads\/a-travers4-scaled-e1713858674591.jpeg","width":2274,"height":2286,"caption":"Dessin stylo \u00e0 bille bleu sur papier 15 x 15 Collection priv\u00e9e"},{"@type":"BreadcrumbList","@id":"https:\/\/laetitiagrun.art\/?page_id=3113#breadcrumb","itemListElement":[{"@type":"ListItem","position":1,"name":"Accueil","item":"https:\/\/laetitiagrun.art\/"},{"@type":"ListItem","position":2,"name":"\u00c0 TRAVERS"}]},{"@type":"WebSite","@id":"https:\/\/laetitiagrun.art\/#website","url":"https:\/\/laetitiagrun.art\/","name":"la\u00ebtitiagr\u00fcn.art","description":"","publisher":{"@id":"https:\/\/laetitiagrun.art\/#organization"},"potentialAction":[{"@type":"SearchAction","target":{"@type":"EntryPoint","urlTemplate":"https:\/\/laetitiagrun.art\/?s={search_term_string}"},"query-input":{"@type":"PropertyValueSpecification","valueRequired":true,"valueName":"search_term_string"}}],"inLanguage":"fr-FR"},{"@type":"Organization","@id":"https:\/\/laetitiagrun.art\/#organization","name":"La\u00ebtitia Gr\u00fcn","url":"https:\/\/laetitiagrun.art\/","logo":{"@type":"ImageObject","inLanguage":"fr-FR","@id":"https:\/\/laetitiagrun.art\/#\/schema\/logo\/image\/","url":"https:\/\/laetitiagrun.art\/wp-content\/uploads\/2019\/11\/cropped-lae-4.png","contentUrl":"https:\/\/laetitiagrun.art\/wp-content\/uploads\/2019\/11\/cropped-lae-4.png","width":512,"height":512,"caption":"La\u00ebtitia Gr\u00fcn"},"image":{"@id":"https:\/\/laetitiagrun.art\/#\/schema\/logo\/image\/"},"sameAs":["https:\/\/www.instagram.com\/laetitia.grun\/?hl=fr"]}]}},"_links":{"self":[{"href":"https:\/\/laetitiagrun.art\/index.php?rest_route=\/wp\/v2\/pages\/3113","targetHints":{"allow":["GET"]}}],"collection":[{"href":"https:\/\/laetitiagrun.art\/index.php?rest_route=\/wp\/v2\/pages"}],"about":[{"href":"https:\/\/laetitiagrun.art\/index.php?rest_route=\/wp\/v2\/types\/page"}],"author":[{"embeddable":true,"href":"https:\/\/laetitiagrun.art\/index.php?rest_route=\/wp\/v2\/users\/1"}],"replies":[{"embeddable":true,"href":"https:\/\/laetitiagrun.art\/index.php?rest_route=%2Fwp%2Fv2%2Fcomments&post=3113"}],"version-history":[{"count":8,"href":"https:\/\/laetitiagrun.art\/index.php?rest_route=\/wp\/v2\/pages\/3113\/revisions"}],"predecessor-version":[{"id":3136,"href":"https:\/\/laetitiagrun.art\/index.php?rest_route=\/wp\/v2\/pages\/3113\/revisions\/3136"}],"wp:attachment":[{"href":"https:\/\/laetitiagrun.art\/index.php?rest_route=%2Fwp%2Fv2%2Fmedia&parent=3113"}],"wp:term":[{"taxonomy":"folder","embeddable":true,"href":"https:\/\/laetitiagrun.art\/index.php?rest_route=%2Fwp%2Fv2%2Ffolder&post=3113"}],"curies":[{"name":"wp","href":"https:\/\/api.w.org\/{rel}","templated":true}]}}