{"id":3047,"date":"2024-04-22T15:30:33","date_gmt":"2024-04-22T13:30:33","guid":{"rendered":"https:\/\/laetitiagrun.art\/?page_id=3047"},"modified":"2024-04-23T10:12:16","modified_gmt":"2024-04-23T08:12:16","slug":"tapis-de-feuilles","status":"publish","type":"page","link":"https:\/\/laetitiagrun.art\/?page_id=3047","title":{"rendered":"Tapis de feuilles"},"content":{"rendered":"\t\t<div data-elementor-type=\"wp-page\" data-elementor-id=\"3047\" class=\"elementor elementor-3047\">\n\t\t\t\t\t\t<section class=\"elementor-section elementor-top-section elementor-element elementor-element-6af0fbc elementor-section-boxed elementor-section-height-default elementor-section-height-default\" data-id=\"6af0fbc\" data-element_type=\"section\" data-e-type=\"section\">\n\t\t\t\t\t\t<div class=\"elementor-container elementor-column-gap-default\">\n\t\t\t\t\t<div class=\"elementor-column elementor-col-100 elementor-top-column elementor-element elementor-element-dc47c05\" data-id=\"dc47c05\" data-element_type=\"column\" data-e-type=\"column\">\n\t\t\t<div class=\"elementor-widget-wrap elementor-element-populated\">\n\t\t\t\t\t\t<div class=\"elementor-element elementor-element-33c6e09 elementor-widget elementor-widget-text-editor\" data-id=\"33c6e09\" data-element_type=\"widget\" data-e-type=\"widget\" data-widget_type=\"text-editor.default\">\n\t\t\t\t<div class=\"elementor-widget-container\">\n\t\t\t\t\t\t\t\t\t<p><span style=\"color: #ff6600;\">2023<\/span><br \/><span style=\"color: #ff6600;\">S\u00e9rie de 8 dessins<\/span><br \/><span style=\"color: #ff6600;\">Stylo \u00e0 bille bleu sur papier<\/span><br \/><span style=\"color: #ff6600;\">11 x 15 cm<\/span><br \/><span style=\"color: #ff6600;\">Collection priv\u00e9e<\/span><\/p>\t\t\t\t\t\t\t\t<\/div>\n\t\t\t\t<\/div>\n\t\t\t\t\t<\/div>\n\t\t<\/div>\n\t\t\t\t\t<\/div>\n\t\t<\/section>\n\t\t\t\t<section class=\"elementor-section elementor-top-section elementor-element elementor-element-58d0cd5 elementor-section-boxed elementor-section-height-default elementor-section-height-default\" data-id=\"58d0cd5\" data-element_type=\"section\" data-e-type=\"section\">\n\t\t\t\t\t\t<div class=\"elementor-container elementor-column-gap-default\">\n\t\t\t\t\t<div class=\"elementor-column elementor-col-100 elementor-top-column elementor-element elementor-element-ba89ef7\" data-id=\"ba89ef7\" data-element_type=\"column\" data-e-type=\"column\">\n\t\t\t<div class=\"elementor-widget-wrap elementor-element-populated\">\n\t\t\t\t\t\t<div class=\"elementor-element elementor-element-14f85cc gallery-spacing-custom elementor-widget elementor-widget-image-gallery\" data-id=\"14f85cc\" data-element_type=\"widget\" data-e-type=\"widget\" data-widget_type=\"image-gallery.default\">\n\t\t\t\t<div class=\"elementor-widget-container\">\n\t\t\t\t\t\t\t<div class=\"elementor-image-gallery\">\n\t\t\t<div id='gallery-1' class='gallery galleryid-3047 gallery-columns-4 gallery-size-sketch-portrait'><figure class='gallery-item'>\n\t\t\t<div class='gallery-icon portrait'>\n\t\t\t\t<img fetchpriority=\"high\" decoding=\"async\" width=\"800\" height=\"1067\" src=\"https:\/\/laetitiagrun.art\/wp-content\/uploads\/tapis-feuilles12-scaled-e1713791870189-800x1067.jpg\" class=\"attachment-sketch-portrait size-sketch-portrait\" alt=\"encre de stylo bleu\" aria-describedby=\"gallery-1-3055\" \/>\n\t\t\t<\/div>\n\t\t\t\t<figcaption class='wp-caption-text gallery-caption' id='gallery-1-3055'>\n\t\t\t\t1\/8\n11 x 15 cm\nCollection priv\u00e9e\n\t\t\t\t<\/figcaption><\/figure><figure class='gallery-item'>\n\t\t\t<div class='gallery-icon portrait'>\n\t\t\t\t<img decoding=\"async\" width=\"800\" height=\"1067\" src=\"https:\/\/laetitiagrun.art\/wp-content\/uploads\/tapis-feuilles11-scaled-e1713791895220-800x1067.jpg\" class=\"attachment-sketch-portrait size-sketch-portrait\" alt=\"encre de stylo bleu\" aria-describedby=\"gallery-1-3054\" \/>\n\t\t\t<\/div>\n\t\t\t\t<figcaption class='wp-caption-text gallery-caption' id='gallery-1-3054'>\n\t\t\t\t2\/8\n11 x 15 cm\nCollection priv\u00e9e\n\t\t\t\t<\/figcaption><\/figure><figure class='gallery-item'>\n\t\t\t<div class='gallery-icon portrait'>\n\t\t\t\t<img decoding=\"async\" width=\"800\" height=\"1067\" src=\"https:\/\/laetitiagrun.art\/wp-content\/uploads\/tapis-feuilles10-scaled-e1713791927668-800x1067.jpg\" class=\"attachment-sketch-portrait size-sketch-portrait\" alt=\"encre de stylo bleu\" aria-describedby=\"gallery-1-3053\" \/>\n\t\t\t<\/div>\n\t\t\t\t<figcaption class='wp-caption-text gallery-caption' id='gallery-1-3053'>\n\t\t\t\t3\/8\n11 x 15 cm\nCollection priv\u00e9e\n\t\t\t\t<\/figcaption><\/figure><figure class='gallery-item'>\n\t\t\t<div class='gallery-icon portrait'>\n\t\t\t\t<img loading=\"lazy\" decoding=\"async\" width=\"800\" height=\"1067\" src=\"https:\/\/laetitiagrun.art\/wp-content\/uploads\/tapis-feuilles9-scaled-e1713791962932-800x1067.jpg\" class=\"attachment-sketch-portrait size-sketch-portrait\" alt=\"encre de stylo bleu\" aria-describedby=\"gallery-1-3052\" \/>\n\t\t\t<\/div>\n\t\t\t\t<figcaption class='wp-caption-text gallery-caption' id='gallery-1-3052'>\n\t\t\t\t4\/8\n11 x 15 cm\nCollection priv\u00e9e\n\t\t\t\t<\/figcaption><\/figure><figure class='gallery-item'>\n\t\t\t<div class='gallery-icon portrait'>\n\t\t\t\t<img loading=\"lazy\" decoding=\"async\" width=\"800\" height=\"1067\" src=\"https:\/\/laetitiagrun.art\/wp-content\/uploads\/tapis-feuilles8-scaled-e1713791985633-800x1067.jpg\" class=\"attachment-sketch-portrait size-sketch-portrait\" alt=\"encre de stylo bleu\" aria-describedby=\"gallery-1-3051\" \/>\n\t\t\t<\/div>\n\t\t\t\t<figcaption class='wp-caption-text gallery-caption' id='gallery-1-3051'>\n\t\t\t\t5\/8\n11 x 15 cm\nCollection priv\u00e9e\n\t\t\t\t<\/figcaption><\/figure><figure class='gallery-item'>\n\t\t\t<div class='gallery-icon portrait'>\n\t\t\t\t<img loading=\"lazy\" decoding=\"async\" width=\"800\" height=\"1067\" src=\"https:\/\/laetitiagrun.art\/wp-content\/uploads\/tapis-feuilles7-scaled-e1713792010395-800x1067.jpg\" class=\"attachment-sketch-portrait size-sketch-portrait\" alt=\"encre de stylo bleu\" aria-describedby=\"gallery-1-3050\" \/>\n\t\t\t<\/div>\n\t\t\t\t<figcaption class='wp-caption-text gallery-caption' id='gallery-1-3050'>\n\t\t\t\t6\/8\n11 x 15 cm\nCollection priv\u00e9e\n\t\t\t\t<\/figcaption><\/figure><figure class='gallery-item'>\n\t\t\t<div class='gallery-icon portrait'>\n\t\t\t\t<img loading=\"lazy\" decoding=\"async\" width=\"800\" height=\"1067\" src=\"https:\/\/laetitiagrun.art\/wp-content\/uploads\/tapis-feuilles6-scaled-e1713792035586-800x1067.jpg\" class=\"attachment-sketch-portrait size-sketch-portrait\" alt=\"encre de stylo bleu\" aria-describedby=\"gallery-1-3049\" \/>\n\t\t\t<\/div>\n\t\t\t\t<figcaption class='wp-caption-text gallery-caption' id='gallery-1-3049'>\n\t\t\t\t7\/8\n11 x 15 cm\nCollection priv\u00e9e\n\t\t\t\t<\/figcaption><\/figure><figure class='gallery-item'>\n\t\t\t<div class='gallery-icon portrait'>\n\t\t\t\t<img loading=\"lazy\" decoding=\"async\" width=\"800\" height=\"1067\" src=\"https:\/\/laetitiagrun.art\/wp-content\/uploads\/tapis-feuilles5-scaled-e1713792364725-800x1067.jpg\" class=\"attachment-sketch-portrait size-sketch-portrait\" alt=\"encre de stylo bleu\" aria-describedby=\"gallery-1-3057\" \/>\n\t\t\t<\/div>\n\t\t\t\t<figcaption class='wp-caption-text gallery-caption' id='gallery-1-3057'>\n\t\t\t\t8\/8\n11 x 15 cm\nCollection priv\u00e9e\n\t\t\t\t<\/figcaption><\/figure>\n\t\t<\/div>\n\t\t<\/div>\n\t\t\t\t\t\t<\/div>\n\t\t\t\t<\/div>\n\t\t\t\t\t<\/div>\n\t\t<\/div>\n\t\t\t\t\t<\/div>\n\t\t<\/section>\n\t\t\t\t<section class=\"elementor-section elementor-top-section elementor-element elementor-element-dbd6400 elementor-section-boxed elementor-section-height-default elementor-section-height-default\" data-id=\"dbd6400\" data-element_type=\"section\" data-e-type=\"section\">\n\t\t\t\t\t\t<div class=\"elementor-container elementor-column-gap-default\">\n\t\t\t\t\t<div class=\"elementor-column elementor-col-50 elementor-top-column elementor-element elementor-element-1826aca\" data-id=\"1826aca\" data-element_type=\"column\" data-e-type=\"column\">\n\t\t\t<div class=\"elementor-widget-wrap elementor-element-populated\">\n\t\t\t\t\t\t<div class=\"elementor-element elementor-element-581b2e2 elementor-widget-mobile__width-initial elementor-widget elementor-widget-button\" data-id=\"581b2e2\" data-element_type=\"widget\" data-e-type=\"widget\" data-widget_type=\"button.default\">\n\t\t\t\t<div class=\"elementor-widget-container\">\n\t\t\t\t\t\t\t\t\t<div class=\"elementor-button-wrapper\">\n\t\t\t\t\t<a class=\"elementor-button elementor-button-link elementor-size-sm\" href=\"https:\/\/laetitiagrun.art\/?page_id=2758\">\n\t\t\t\t\t\t<span class=\"elementor-button-content-wrapper\">\n\t\t\t\t\t\t<span class=\"elementor-button-icon\">\n\t\t\t\t<i aria-hidden=\"true\" class=\"far fa-arrow-alt-circle-left\"><\/i>\t\t\t<\/span>\n\t\t\t\t\t\t\t\t\t<span class=\"elementor-button-text\">retour<\/span>\n\t\t\t\t\t<\/span>\n\t\t\t\t\t<\/a>\n\t\t\t\t<\/div>\n\t\t\t\t\t\t\t\t<\/div>\n\t\t\t\t<\/div>\n\t\t\t\t\t<\/div>\n\t\t<\/div>\n\t\t\t\t<div class=\"elementor-column elementor-col-50 elementor-top-column elementor-element elementor-element-c415282\" data-id=\"c415282\" data-element_type=\"column\" data-e-type=\"column\">\n\t\t\t<div class=\"elementor-widget-wrap elementor-element-populated\">\n\t\t\t\t\t\t<div class=\"elementor-element elementor-element-50ad7bc elementor-align-right elementor-widget-mobile__width-initial elementor-widget elementor-widget-button\" data-id=\"50ad7bc\" data-element_type=\"widget\" data-e-type=\"widget\" data-widget_type=\"button.default\">\n\t\t\t\t<div class=\"elementor-widget-container\">\n\t\t\t\t\t\t\t\t\t<div class=\"elementor-button-wrapper\">\n\t\t\t\t\t<a class=\"elementor-button elementor-button-link elementor-size-sm\" href=\"https:\/\/laetitiagrun.art\/?page_id=2940\">\n\t\t\t\t\t\t<span class=\"elementor-button-content-wrapper\">\n\t\t\t\t\t\t<span class=\"elementor-button-icon\">\n\t\t\t\t<i aria-hidden=\"true\" class=\"far fa-arrow-alt-circle-right\"><\/i>\t\t\t<\/span>\n\t\t\t\t\t\t\t\t\t<span class=\"elementor-button-text\">suivant<\/span>\n\t\t\t\t\t<\/span>\n\t\t\t\t\t<\/a>\n\t\t\t\t<\/div>\n\t\t\t\t\t\t\t\t<\/div>\n\t\t\t\t<\/div>\n\t\t\t\t\t<\/div>\n\t\t<\/div>\n\t\t\t\t\t<\/div>\n\t\t<\/section>\n\t\t\t\t<\/div>\n\t\t","protected":false},"excerpt":{"rendered":"<p>2023S\u00e9rie de 8 dessinsStylo \u00e0 bille bleu sur papier11 x 15 cmCollection priv\u00e9e 1\/8 11 x 15 cm Collection priv\u00e9e 2\/8 11 x 15 cm Collection priv\u00e9e 3\/8 11 x 15 cm Collection priv\u00e9e 4\/8 11 x 15 cm Collection priv\u00e9e 5\/8 11 x 15 cm Collection priv\u00e9e 6\/8 11 x 15 cm Collection priv\u00e9e [&hellip;]<\/p>\n","protected":false},"author":1,"featured_media":0,"parent":0,"menu_order":0,"comment_status":"closed","ping_status":"closed","template":"","meta":{"footnotes":""},"folder":[18],"class_list":["post-3047","page","type-page","status-publish","hentry"],"yoast_head":"<!-- This site is optimized with the Yoast SEO plugin v27.3 - https:\/\/yoast.com\/product\/yoast-seo-wordpress\/ -->\n<title>Tapis de feuilles &#8226; la\u00ebtitia gr\u00fcn.art<\/title>\n<meta name=\"robots\" content=\"index, follow, max-snippet:-1, max-image-preview:large, max-video-preview:-1\" \/>\n<link rel=\"canonical\" href=\"https:\/\/laetitiagrun.art\/?page_id=3047\" \/>\n<meta property=\"og:locale\" content=\"fr_FR\" \/>\n<meta property=\"og:type\" content=\"article\" \/>\n<meta property=\"og:title\" content=\"Tapis de feuilles &#8226; la\u00ebtitia gr\u00fcn.art\" \/>\n<meta property=\"og:description\" content=\"2023S\u00e9rie de 8 dessinsStylo \u00e0 bille bleu sur papier11 x 15 cmCollection priv\u00e9e 1\/8 11 x 15 cm Collection priv\u00e9e 2\/8 11 x 15 cm Collection priv\u00e9e 3\/8 11 x 15 cm Collection priv\u00e9e 4\/8 11 x 15 cm Collection priv\u00e9e 5\/8 11 x 15 cm Collection priv\u00e9e 6\/8 11 x 15 cm Collection priv\u00e9e [&hellip;]\" \/>\n<meta property=\"og:url\" content=\"https:\/\/laetitiagrun.art\/?page_id=3047\" \/>\n<meta property=\"og:site_name\" content=\"la\u00ebtitia gr\u00fcn.art\" \/>\n<meta property=\"article:modified_time\" content=\"2024-04-23T08:12:16+00:00\" \/>\n<meta property=\"og:image\" content=\"https:\/\/laetitiagrun.art\/wp-content\/uploads\/tapis-feuilles12-scaled-e1713791870189-800x1067.jpg\" \/>\n<meta name=\"twitter:card\" content=\"summary_large_image\" \/>\n<meta name=\"twitter:label1\" content=\"Dur\u00e9e de lecture estim\u00e9e\" \/>\n\t<meta name=\"twitter:data1\" content=\"2 minutes\" \/>\n<script type=\"application\/ld+json\" class=\"yoast-schema-graph\">{\"@context\":\"https:\\\/\\\/schema.org\",\"@graph\":[{\"@type\":\"WebPage\",\"@id\":\"https:\\\/\\\/laetitiagrun.art\\\/?page_id=3047\",\"url\":\"https:\\\/\\\/laetitiagrun.art\\\/?page_id=3047\",\"name\":\"Tapis de feuilles &#8226; la\u00ebtitia gr\u00fcn.art\",\"isPartOf\":{\"@id\":\"https:\\\/\\\/laetitiagrun.art\\\/#website\"},\"primaryImageOfPage\":{\"@id\":\"https:\\\/\\\/laetitiagrun.art\\\/?page_id=3047#primaryimage\"},\"image\":{\"@id\":\"https:\\\/\\\/laetitiagrun.art\\\/?page_id=3047#primaryimage\"},\"thumbnailUrl\":\"https:\\\/\\\/laetitiagrun.art\\\/wp-content\\\/uploads\\\/tapis-feuilles12-scaled-e1713791870189-800x1067.jpg\",\"datePublished\":\"2024-04-22T13:30:33+00:00\",\"dateModified\":\"2024-04-23T08:12:16+00:00\",\"breadcrumb\":{\"@id\":\"https:\\\/\\\/laetitiagrun.art\\\/?page_id=3047#breadcrumb\"},\"inLanguage\":\"fr-FR\",\"potentialAction\":[{\"@type\":\"ReadAction\",\"target\":[\"https:\\\/\\\/laetitiagrun.art\\\/?page_id=3047\"]}]},{\"@type\":\"ImageObject\",\"inLanguage\":\"fr-FR\",\"@id\":\"https:\\\/\\\/laetitiagrun.art\\\/?page_id=3047#primaryimage\",\"url\":\"https:\\\/\\\/laetitiagrun.art\\\/wp-content\\\/uploads\\\/tapis-feuilles12-scaled-e1713791870189.jpg\",\"contentUrl\":\"https:\\\/\\\/laetitiagrun.art\\\/wp-content\\\/uploads\\\/tapis-feuilles12-scaled-e1713791870189.jpg\",\"width\":1591,\"height\":2094,\"caption\":\"1\\\/8 11 x 15 cm Collection priv\u00e9e\"},{\"@type\":\"BreadcrumbList\",\"@id\":\"https:\\\/\\\/laetitiagrun.art\\\/?page_id=3047#breadcrumb\",\"itemListElement\":[{\"@type\":\"ListItem\",\"position\":1,\"name\":\"Accueil\",\"item\":\"https:\\\/\\\/laetitiagrun.art\\\/\"},{\"@type\":\"ListItem\",\"position\":2,\"name\":\"Tapis de feuilles\"}]},{\"@type\":\"WebSite\",\"@id\":\"https:\\\/\\\/laetitiagrun.art\\\/#website\",\"url\":\"https:\\\/\\\/laetitiagrun.art\\\/\",\"name\":\"la\u00ebtitiagr\u00fcn.art\",\"description\":\"\",\"publisher\":{\"@id\":\"https:\\\/\\\/laetitiagrun.art\\\/#organization\"},\"potentialAction\":[{\"@type\":\"SearchAction\",\"target\":{\"@type\":\"EntryPoint\",\"urlTemplate\":\"https:\\\/\\\/laetitiagrun.art\\\/?s={search_term_string}\"},\"query-input\":{\"@type\":\"PropertyValueSpecification\",\"valueRequired\":true,\"valueName\":\"search_term_string\"}}],\"inLanguage\":\"fr-FR\"},{\"@type\":\"Organization\",\"@id\":\"https:\\\/\\\/laetitiagrun.art\\\/#organization\",\"name\":\"La\u00ebtitia Gr\u00fcn\",\"url\":\"https:\\\/\\\/laetitiagrun.art\\\/\",\"logo\":{\"@type\":\"ImageObject\",\"inLanguage\":\"fr-FR\",\"@id\":\"https:\\\/\\\/laetitiagrun.art\\\/#\\\/schema\\\/logo\\\/image\\\/\",\"url\":\"https:\\\/\\\/laetitiagrun.art\\\/wp-content\\\/uploads\\\/2019\\\/11\\\/cropped-lae-4.png\",\"contentUrl\":\"https:\\\/\\\/laetitiagrun.art\\\/wp-content\\\/uploads\\\/2019\\\/11\\\/cropped-lae-4.png\",\"width\":512,\"height\":512,\"caption\":\"La\u00ebtitia Gr\u00fcn\"},\"image\":{\"@id\":\"https:\\\/\\\/laetitiagrun.art\\\/#\\\/schema\\\/logo\\\/image\\\/\"},\"sameAs\":[\"https:\\\/\\\/www.instagram.com\\\/laetitia.grun\\\/?hl=fr\"]}]}<\/script>\n<!-- \/ Yoast SEO plugin. -->","yoast_head_json":{"title":"Tapis de feuilles &#8226; la\u00ebtitia gr\u00fcn.art","robots":{"index":"index","follow":"follow","max-snippet":"max-snippet:-1","max-image-preview":"max-image-preview:large","max-video-preview":"max-video-preview:-1"},"canonical":"https:\/\/laetitiagrun.art\/?page_id=3047","og_locale":"fr_FR","og_type":"article","og_title":"Tapis de feuilles &#8226; la\u00ebtitia gr\u00fcn.art","og_description":"2023S\u00e9rie de 8 dessinsStylo \u00e0 bille bleu sur papier11 x 15 cmCollection priv\u00e9e 1\/8 11 x 15 cm Collection priv\u00e9e 2\/8 11 x 15 cm Collection priv\u00e9e 3\/8 11 x 15 cm Collection priv\u00e9e 4\/8 11 x 15 cm Collection priv\u00e9e 5\/8 11 x 15 cm Collection priv\u00e9e 6\/8 11 x 15 cm Collection priv\u00e9e [&hellip;]","og_url":"https:\/\/laetitiagrun.art\/?page_id=3047","og_site_name":"la\u00ebtitia gr\u00fcn.art","article_modified_time":"2024-04-23T08:12:16+00:00","og_image":[{"url":"https:\/\/laetitiagrun.art\/wp-content\/uploads\/tapis-feuilles12-scaled-e1713791870189-800x1067.jpg","type":"","width":"","height":""}],"twitter_card":"summary_large_image","twitter_misc":{"Dur\u00e9e de lecture estim\u00e9e":"2 minutes"},"schema":{"@context":"https:\/\/schema.org","@graph":[{"@type":"WebPage","@id":"https:\/\/laetitiagrun.art\/?page_id=3047","url":"https:\/\/laetitiagrun.art\/?page_id=3047","name":"Tapis de feuilles &#8226; la\u00ebtitia gr\u00fcn.art","isPartOf":{"@id":"https:\/\/laetitiagrun.art\/#website"},"primaryImageOfPage":{"@id":"https:\/\/laetitiagrun.art\/?page_id=3047#primaryimage"},"image":{"@id":"https:\/\/laetitiagrun.art\/?page_id=3047#primaryimage"},"thumbnailUrl":"https:\/\/laetitiagrun.art\/wp-content\/uploads\/tapis-feuilles12-scaled-e1713791870189-800x1067.jpg","datePublished":"2024-04-22T13:30:33+00:00","dateModified":"2024-04-23T08:12:16+00:00","breadcrumb":{"@id":"https:\/\/laetitiagrun.art\/?page_id=3047#breadcrumb"},"inLanguage":"fr-FR","potentialAction":[{"@type":"ReadAction","target":["https:\/\/laetitiagrun.art\/?page_id=3047"]}]},{"@type":"ImageObject","inLanguage":"fr-FR","@id":"https:\/\/laetitiagrun.art\/?page_id=3047#primaryimage","url":"https:\/\/laetitiagrun.art\/wp-content\/uploads\/tapis-feuilles12-scaled-e1713791870189.jpg","contentUrl":"https:\/\/laetitiagrun.art\/wp-content\/uploads\/tapis-feuilles12-scaled-e1713791870189.jpg","width":1591,"height":2094,"caption":"1\/8 11 x 15 cm Collection priv\u00e9e"},{"@type":"BreadcrumbList","@id":"https:\/\/laetitiagrun.art\/?page_id=3047#breadcrumb","itemListElement":[{"@type":"ListItem","position":1,"name":"Accueil","item":"https:\/\/laetitiagrun.art\/"},{"@type":"ListItem","position":2,"name":"Tapis de feuilles"}]},{"@type":"WebSite","@id":"https:\/\/laetitiagrun.art\/#website","url":"https:\/\/laetitiagrun.art\/","name":"la\u00ebtitiagr\u00fcn.art","description":"","publisher":{"@id":"https:\/\/laetitiagrun.art\/#organization"},"potentialAction":[{"@type":"SearchAction","target":{"@type":"EntryPoint","urlTemplate":"https:\/\/laetitiagrun.art\/?s={search_term_string}"},"query-input":{"@type":"PropertyValueSpecification","valueRequired":true,"valueName":"search_term_string"}}],"inLanguage":"fr-FR"},{"@type":"Organization","@id":"https:\/\/laetitiagrun.art\/#organization","name":"La\u00ebtitia Gr\u00fcn","url":"https:\/\/laetitiagrun.art\/","logo":{"@type":"ImageObject","inLanguage":"fr-FR","@id":"https:\/\/laetitiagrun.art\/#\/schema\/logo\/image\/","url":"https:\/\/laetitiagrun.art\/wp-content\/uploads\/2019\/11\/cropped-lae-4.png","contentUrl":"https:\/\/laetitiagrun.art\/wp-content\/uploads\/2019\/11\/cropped-lae-4.png","width":512,"height":512,"caption":"La\u00ebtitia Gr\u00fcn"},"image":{"@id":"https:\/\/laetitiagrun.art\/#\/schema\/logo\/image\/"},"sameAs":["https:\/\/www.instagram.com\/laetitia.grun\/?hl=fr"]}]}},"_links":{"self":[{"href":"https:\/\/laetitiagrun.art\/index.php?rest_route=\/wp\/v2\/pages\/3047","targetHints":{"allow":["GET"]}}],"collection":[{"href":"https:\/\/laetitiagrun.art\/index.php?rest_route=\/wp\/v2\/pages"}],"about":[{"href":"https:\/\/laetitiagrun.art\/index.php?rest_route=\/wp\/v2\/types\/page"}],"author":[{"embeddable":true,"href":"https:\/\/laetitiagrun.art\/index.php?rest_route=\/wp\/v2\/users\/1"}],"replies":[{"embeddable":true,"href":"https:\/\/laetitiagrun.art\/index.php?rest_route=%2Fwp%2Fv2%2Fcomments&post=3047"}],"version-history":[{"count":13,"href":"https:\/\/laetitiagrun.art\/index.php?rest_route=\/wp\/v2\/pages\/3047\/revisions"}],"predecessor-version":[{"id":3076,"href":"https:\/\/laetitiagrun.art\/index.php?rest_route=\/wp\/v2\/pages\/3047\/revisions\/3076"}],"wp:attachment":[{"href":"https:\/\/laetitiagrun.art\/index.php?rest_route=%2Fwp%2Fv2%2Fmedia&parent=3047"}],"wp:term":[{"taxonomy":"folder","embeddable":true,"href":"https:\/\/laetitiagrun.art\/index.php?rest_route=%2Fwp%2Fv2%2Ffolder&post=3047"}],"curies":[{"name":"wp","href":"https:\/\/api.w.org\/{rel}","templated":true}]}}