{"id":2940,"date":"2024-04-19T15:40:13","date_gmt":"2024-04-19T13:40:13","guid":{"rendered":"https:\/\/laetitiagrun.art\/?page_id=2940"},"modified":"2024-04-23T10:11:58","modified_gmt":"2024-04-23T08:11:58","slug":"roger-pepere-blue","status":"publish","type":"page","link":"https:\/\/laetitiagrun.art\/?page_id=2940","title":{"rendered":"Roger-P\u00e9p\u00e8re Blue"},"content":{"rendered":"\t\t<div data-elementor-type=\"wp-page\" data-elementor-id=\"2940\" class=\"elementor elementor-2940\">\n\t\t\t\t\t\t<section class=\"elementor-section elementor-top-section elementor-element elementor-element-2a65126 elementor-section-boxed elementor-section-height-default elementor-section-height-default\" data-id=\"2a65126\" data-element_type=\"section\" data-e-type=\"section\">\n\t\t\t\t\t\t<div class=\"elementor-container elementor-column-gap-default\">\n\t\t\t\t\t<div class=\"elementor-column elementor-col-100 elementor-top-column elementor-element elementor-element-cfd5dc0\" data-id=\"cfd5dc0\" data-element_type=\"column\" data-e-type=\"column\">\n\t\t\t<div class=\"elementor-widget-wrap elementor-element-populated\">\n\t\t\t\t\t\t<div class=\"elementor-element elementor-element-d9ae16e elementor-widget elementor-widget-text-editor\" data-id=\"d9ae16e\" data-element_type=\"widget\" data-e-type=\"widget\" data-widget_type=\"text-editor.default\">\n\t\t\t\t<div class=\"elementor-widget-container\">\n\t\t\t\t\t\t\t\t\t<p><span style=\"color: #ff6600;\">2024<\/span><br \/><span style=\"color: #ff6600;\">Dessin<\/span><br \/><span style=\"color: #ff6600;\">stylo \u00e0 bille et encre bleue sur papier<\/span><br \/><span style=\"color: #ff6600;\">22,5 x 29 cm<\/span><\/p>\t\t\t\t\t\t\t\t<\/div>\n\t\t\t\t<\/div>\n\t\t\t\t\t<\/div>\n\t\t<\/div>\n\t\t\t\t\t<\/div>\n\t\t<\/section>\n\t\t\t\t<section class=\"elementor-section elementor-top-section elementor-element elementor-element-ca2cf2b elementor-section-stretched elementor-section-boxed elementor-section-height-default elementor-section-height-default\" data-id=\"ca2cf2b\" data-element_type=\"section\" data-e-type=\"section\" data-settings=\"{&quot;stretch_section&quot;:&quot;section-stretched&quot;}\">\n\t\t\t\t\t\t<div class=\"elementor-container elementor-column-gap-narrow\">\n\t\t\t\t\t<div class=\"elementor-column elementor-col-100 elementor-top-column elementor-element elementor-element-c2d5e91\" data-id=\"c2d5e91\" data-element_type=\"column\" data-e-type=\"column\">\n\t\t\t<div class=\"elementor-widget-wrap elementor-element-populated\">\n\t\t\t\t\t\t<div class=\"elementor-element elementor-element-e009e89 gallery-spacing-custom elementor-widget elementor-widget-image-gallery\" data-id=\"e009e89\" data-element_type=\"widget\" data-e-type=\"widget\" data-widget_type=\"image-gallery.default\">\n\t\t\t\t<div class=\"elementor-widget-container\">\n\t\t\t\t\t\t\t<div class=\"elementor-image-gallery\">\n\t\t\t<div id='gallery-1' class='gallery galleryid-2940 gallery-columns-5 gallery-size-sketch-portrait'><figure class='gallery-item'>\n\t\t\t<div class='gallery-icon portrait'>\n\t\t\t\t<a data-elementor-open-lightbox=\"yes\" data-elementor-lightbox-slideshow=\"e009e89\" data-elementor-lightbox-title=\"ROGER P\u00c9P\u00c8RE BLUE\" data-e-action-hash=\"#elementor-action%3Aaction%3Dlightbox%26settings%3DeyJpZCI6Mjk0NSwidXJsIjoiaHR0cHM6XC9cL2xhZXRpdGlhZ3J1bi5hcnRcL3dwLWNvbnRlbnRcL3VwbG9hZHNcL2NoYXJkb25uZXJldC1ibGV1OC1zY2FsZWQtZTE3MTM1MzEyMjMyOTguanBnIiwic2xpZGVzaG93IjoiZTAwOWU4OSJ9\" href='https:\/\/laetitiagrun.art\/wp-content\/uploads\/chardonneret-bleu8-scaled-e1713531223298.jpg'><img fetchpriority=\"high\" decoding=\"async\" width=\"800\" height=\"1067\" src=\"https:\/\/laetitiagrun.art\/wp-content\/uploads\/chardonneret-bleu8-scaled-e1713531223298-800x1067.jpg\" class=\"attachment-sketch-portrait size-sketch-portrait\" alt=\"chardonneret \u00e9l\u00e9gant dessin stylo \u00e0 bille bleu\" \/><\/a>\n\t\t\t<\/div><\/figure><figure class='gallery-item'>\n\t\t\t<div class='gallery-icon portrait'>\n\t\t\t\t<a data-elementor-open-lightbox=\"yes\" data-elementor-lightbox-slideshow=\"e009e89\" data-elementor-lightbox-title=\"ROGER P\u00c9P\u00c8RE BLUE\" data-e-action-hash=\"#elementor-action%3Aaction%3Dlightbox%26settings%3DeyJpZCI6Mjk0OSwidXJsIjoiaHR0cHM6XC9cL2xhZXRpdGlhZ3J1bi5hcnRcL3dwLWNvbnRlbnRcL3VwbG9hZHNcL2NoYXJkb25uZXJldC1ibGV1MTAtc2NhbGVkLWUxNzEzNTM0MjAzNjU1LmpwZyIsInNsaWRlc2hvdyI6ImUwMDllODkifQ%3D%3D\" href='https:\/\/laetitiagrun.art\/wp-content\/uploads\/chardonneret-bleu10-scaled-e1713534203655.jpg'><img decoding=\"async\" width=\"747\" height=\"1067\" src=\"https:\/\/laetitiagrun.art\/wp-content\/uploads\/chardonneret-bleu10-scaled-e1713534203655.jpg\" class=\"attachment-sketch-portrait size-sketch-portrait\" alt=\"chardonneret \u00e9l\u00e9gant dessin stylo \u00e0 bille bleu\" \/><\/a>\n\t\t\t<\/div><\/figure><figure class='gallery-item'>\n\t\t\t<div class='gallery-icon portrait'>\n\t\t\t\t<a data-elementor-open-lightbox=\"yes\" data-elementor-lightbox-slideshow=\"e009e89\" data-elementor-lightbox-title=\"ROGER P\u00c9P\u00c8RE BLUE\" data-e-action-hash=\"#elementor-action%3Aaction%3Dlightbox%26settings%3DeyJpZCI6Mjk0MywidXJsIjoiaHR0cHM6XC9cL2xhZXRpdGlhZ3J1bi5hcnRcL3dwLWNvbnRlbnRcL3VwbG9hZHNcL2NoYXJkb25uZXJldC1ibGV1MTMtc2NhbGVkLWUxNzEzNTMxMjY5MTIzLmpwZyIsInNsaWRlc2hvdyI6ImUwMDllODkifQ%3D%3D\" href='https:\/\/laetitiagrun.art\/wp-content\/uploads\/chardonneret-bleu13-scaled-e1713531269123.jpg'><img decoding=\"async\" width=\"800\" height=\"1067\" src=\"https:\/\/laetitiagrun.art\/wp-content\/uploads\/chardonneret-bleu13-scaled-e1713531269123-800x1067.jpg\" class=\"attachment-sketch-portrait size-sketch-portrait\" alt=\"chardonneret \u00e9l\u00e9gant dessin stylo \u00e0 bille bleu\" \/><\/a>\n\t\t\t<\/div><\/figure><figure class='gallery-item'>\n\t\t\t<div class='gallery-icon portrait'>\n\t\t\t\t<a data-elementor-open-lightbox=\"yes\" data-elementor-lightbox-slideshow=\"e009e89\" data-elementor-lightbox-title=\"ROGER P\u00c9P\u00c8RE BLUE\" data-e-action-hash=\"#elementor-action%3Aaction%3Dlightbox%26settings%3DeyJpZCI6Mjk0OCwidXJsIjoiaHR0cHM6XC9cL2xhZXRpdGlhZ3J1bi5hcnRcL3dwLWNvbnRlbnRcL3VwbG9hZHNcL2NoYXJkb25uZXJldC1ibGV1NC1zY2FsZWQtZTE3MTM1MzExODA4NjAuanBnIiwic2xpZGVzaG93IjoiZTAwOWU4OSJ9\" href='https:\/\/laetitiagrun.art\/wp-content\/uploads\/chardonneret-bleu4-scaled-e1713531180860.jpg'><img loading=\"lazy\" decoding=\"async\" width=\"800\" height=\"1067\" src=\"https:\/\/laetitiagrun.art\/wp-content\/uploads\/chardonneret-bleu4-scaled-e1713531180860-800x1067.jpg\" class=\"attachment-sketch-portrait size-sketch-portrait\" alt=\"chardonneret \u00e9l\u00e9gant dessin stylo \u00e0 bille bleu\" \/><\/a>\n\t\t\t<\/div><\/figure><figure class='gallery-item'>\n\t\t\t<div class='gallery-icon portrait'>\n\t\t\t\t<a data-elementor-open-lightbox=\"yes\" data-elementor-lightbox-slideshow=\"e009e89\" data-elementor-lightbox-title=\"ROGER P\u00c9P\u00c8RE BLUE\" data-e-action-hash=\"#elementor-action%3Aaction%3Dlightbox%26settings%3DeyJpZCI6Mjc3NCwidXJsIjoiaHR0cHM6XC9cL2xhZXRpdGlhZ3J1bi5hcnRcL3dwLWNvbnRlbnRcL3VwbG9hZHNcL2NoYXJkb25uZXJldC1ibGV1MTItc2NhbGVkLmpwZyIsInNsaWRlc2hvdyI6ImUwMDllODkifQ%3D%3D\" href='https:\/\/laetitiagrun.art\/wp-content\/uploads\/chardonneret-bleu12-scaled.jpg'><img loading=\"lazy\" decoding=\"async\" width=\"800\" height=\"1067\" src=\"https:\/\/laetitiagrun.art\/wp-content\/uploads\/chardonneret-bleu12-800x1067.jpg\" class=\"attachment-sketch-portrait size-sketch-portrait\" alt=\"chardonneret \u00e9l\u00e9gant\" \/><\/a>\n\t\t\t<\/div><\/figure>\n\t\t<\/div>\n\t\t<\/div>\n\t\t\t\t\t\t<\/div>\n\t\t\t\t<\/div>\n\t\t\t\t\t<\/div>\n\t\t<\/div>\n\t\t\t\t\t<\/div>\n\t\t<\/section>\n\t\t\t\t<\/div>\n\t\t","protected":false},"excerpt":{"rendered":"<p>2024Dessinstylo \u00e0 bille et encre bleue sur papier22,5 x 29 cm<\/p>\n","protected":false},"author":1,"featured_media":0,"parent":0,"menu_order":0,"comment_status":"closed","ping_status":"closed","template":"","meta":{"footnotes":""},"folder":[18],"class_list":["post-2940","page","type-page","status-publish","hentry"],"yoast_head":"<!-- This site is optimized with the Yoast SEO plugin v27.3 - https:\/\/yoast.com\/product\/yoast-seo-wordpress\/ -->\n<title>Roger-P\u00e9p\u00e8re Blue &#8226; la\u00ebtitia gr\u00fcn.art<\/title>\n<meta name=\"robots\" content=\"index, follow, max-snippet:-1, max-image-preview:large, max-video-preview:-1\" \/>\n<link rel=\"canonical\" href=\"https:\/\/laetitiagrun.art\/?page_id=2940\" \/>\n<meta property=\"og:locale\" content=\"fr_FR\" \/>\n<meta property=\"og:type\" content=\"article\" \/>\n<meta property=\"og:title\" content=\"Roger-P\u00e9p\u00e8re Blue &#8226; la\u00ebtitia gr\u00fcn.art\" \/>\n<meta property=\"og:description\" content=\"2024Dessinstylo \u00e0 bille et encre bleue sur papier22,5 x 29 cm\" \/>\n<meta property=\"og:url\" content=\"https:\/\/laetitiagrun.art\/?page_id=2940\" \/>\n<meta property=\"og:site_name\" content=\"la\u00ebtitia gr\u00fcn.art\" \/>\n<meta property=\"article:modified_time\" content=\"2024-04-23T08:11:58+00:00\" \/>\n<meta property=\"og:image\" content=\"https:\/\/laetitiagrun.art\/wp-content\/uploads\/chardonneret-bleu8-scaled-e1713531223298-800x1067.jpg\" \/>\n<meta name=\"twitter:card\" content=\"summary_large_image\" \/>\n<meta name=\"twitter:label1\" content=\"Dur\u00e9e de lecture estim\u00e9e\" \/>\n\t<meta name=\"twitter:data1\" content=\"2 minutes\" \/>\n<script type=\"application\/ld+json\" class=\"yoast-schema-graph\">{\"@context\":\"https:\\\/\\\/schema.org\",\"@graph\":[{\"@type\":\"WebPage\",\"@id\":\"https:\\\/\\\/laetitiagrun.art\\\/?page_id=2940\",\"url\":\"https:\\\/\\\/laetitiagrun.art\\\/?page_id=2940\",\"name\":\"Roger-P\u00e9p\u00e8re Blue &#8226; la\u00ebtitia gr\u00fcn.art\",\"isPartOf\":{\"@id\":\"https:\\\/\\\/laetitiagrun.art\\\/#website\"},\"primaryImageOfPage\":{\"@id\":\"https:\\\/\\\/laetitiagrun.art\\\/?page_id=2940#primaryimage\"},\"image\":{\"@id\":\"https:\\\/\\\/laetitiagrun.art\\\/?page_id=2940#primaryimage\"},\"thumbnailUrl\":\"https:\\\/\\\/laetitiagrun.art\\\/wp-content\\\/uploads\\\/chardonneret-bleu8-scaled-e1713531223298-800x1067.jpg\",\"datePublished\":\"2024-04-19T13:40:13+00:00\",\"dateModified\":\"2024-04-23T08:11:58+00:00\",\"breadcrumb\":{\"@id\":\"https:\\\/\\\/laetitiagrun.art\\\/?page_id=2940#breadcrumb\"},\"inLanguage\":\"fr-FR\",\"potentialAction\":[{\"@type\":\"ReadAction\",\"target\":[\"https:\\\/\\\/laetitiagrun.art\\\/?page_id=2940\"]}]},{\"@type\":\"ImageObject\",\"inLanguage\":\"fr-FR\",\"@id\":\"https:\\\/\\\/laetitiagrun.art\\\/?page_id=2940#primaryimage\",\"url\":\"https:\\\/\\\/laetitiagrun.art\\\/wp-content\\\/uploads\\\/chardonneret-bleu8-scaled-e1713531223298.jpg\",\"contentUrl\":\"https:\\\/\\\/laetitiagrun.art\\\/wp-content\\\/uploads\\\/chardonneret-bleu8-scaled-e1713531223298.jpg\",\"width\":1557,\"height\":2112,\"caption\":\"chardonneret \u00e9l\u00e9gant dessin stylo \u00e0 bille bleu\"},{\"@type\":\"BreadcrumbList\",\"@id\":\"https:\\\/\\\/laetitiagrun.art\\\/?page_id=2940#breadcrumb\",\"itemListElement\":[{\"@type\":\"ListItem\",\"position\":1,\"name\":\"Accueil\",\"item\":\"https:\\\/\\\/laetitiagrun.art\\\/\"},{\"@type\":\"ListItem\",\"position\":2,\"name\":\"Roger-P\u00e9p\u00e8re Blue\"}]},{\"@type\":\"WebSite\",\"@id\":\"https:\\\/\\\/laetitiagrun.art\\\/#website\",\"url\":\"https:\\\/\\\/laetitiagrun.art\\\/\",\"name\":\"la\u00ebtitiagr\u00fcn.art\",\"description\":\"\",\"publisher\":{\"@id\":\"https:\\\/\\\/laetitiagrun.art\\\/#organization\"},\"potentialAction\":[{\"@type\":\"SearchAction\",\"target\":{\"@type\":\"EntryPoint\",\"urlTemplate\":\"https:\\\/\\\/laetitiagrun.art\\\/?s={search_term_string}\"},\"query-input\":{\"@type\":\"PropertyValueSpecification\",\"valueRequired\":true,\"valueName\":\"search_term_string\"}}],\"inLanguage\":\"fr-FR\"},{\"@type\":\"Organization\",\"@id\":\"https:\\\/\\\/laetitiagrun.art\\\/#organization\",\"name\":\"La\u00ebtitia Gr\u00fcn\",\"url\":\"https:\\\/\\\/laetitiagrun.art\\\/\",\"logo\":{\"@type\":\"ImageObject\",\"inLanguage\":\"fr-FR\",\"@id\":\"https:\\\/\\\/laetitiagrun.art\\\/#\\\/schema\\\/logo\\\/image\\\/\",\"url\":\"https:\\\/\\\/laetitiagrun.art\\\/wp-content\\\/uploads\\\/2019\\\/11\\\/cropped-lae-4.png\",\"contentUrl\":\"https:\\\/\\\/laetitiagrun.art\\\/wp-content\\\/uploads\\\/2019\\\/11\\\/cropped-lae-4.png\",\"width\":512,\"height\":512,\"caption\":\"La\u00ebtitia Gr\u00fcn\"},\"image\":{\"@id\":\"https:\\\/\\\/laetitiagrun.art\\\/#\\\/schema\\\/logo\\\/image\\\/\"},\"sameAs\":[\"https:\\\/\\\/www.instagram.com\\\/laetitia.grun\\\/?hl=fr\"]}]}<\/script>\n<!-- \/ Yoast SEO plugin. -->","yoast_head_json":{"title":"Roger-P\u00e9p\u00e8re Blue &#8226; la\u00ebtitia gr\u00fcn.art","robots":{"index":"index","follow":"follow","max-snippet":"max-snippet:-1","max-image-preview":"max-image-preview:large","max-video-preview":"max-video-preview:-1"},"canonical":"https:\/\/laetitiagrun.art\/?page_id=2940","og_locale":"fr_FR","og_type":"article","og_title":"Roger-P\u00e9p\u00e8re Blue &#8226; la\u00ebtitia gr\u00fcn.art","og_description":"2024Dessinstylo \u00e0 bille et encre bleue sur papier22,5 x 29 cm","og_url":"https:\/\/laetitiagrun.art\/?page_id=2940","og_site_name":"la\u00ebtitia gr\u00fcn.art","article_modified_time":"2024-04-23T08:11:58+00:00","og_image":[{"url":"https:\/\/laetitiagrun.art\/wp-content\/uploads\/chardonneret-bleu8-scaled-e1713531223298-800x1067.jpg","type":"","width":"","height":""}],"twitter_card":"summary_large_image","twitter_misc":{"Dur\u00e9e de lecture estim\u00e9e":"2 minutes"},"schema":{"@context":"https:\/\/schema.org","@graph":[{"@type":"WebPage","@id":"https:\/\/laetitiagrun.art\/?page_id=2940","url":"https:\/\/laetitiagrun.art\/?page_id=2940","name":"Roger-P\u00e9p\u00e8re Blue &#8226; la\u00ebtitia gr\u00fcn.art","isPartOf":{"@id":"https:\/\/laetitiagrun.art\/#website"},"primaryImageOfPage":{"@id":"https:\/\/laetitiagrun.art\/?page_id=2940#primaryimage"},"image":{"@id":"https:\/\/laetitiagrun.art\/?page_id=2940#primaryimage"},"thumbnailUrl":"https:\/\/laetitiagrun.art\/wp-content\/uploads\/chardonneret-bleu8-scaled-e1713531223298-800x1067.jpg","datePublished":"2024-04-19T13:40:13+00:00","dateModified":"2024-04-23T08:11:58+00:00","breadcrumb":{"@id":"https:\/\/laetitiagrun.art\/?page_id=2940#breadcrumb"},"inLanguage":"fr-FR","potentialAction":[{"@type":"ReadAction","target":["https:\/\/laetitiagrun.art\/?page_id=2940"]}]},{"@type":"ImageObject","inLanguage":"fr-FR","@id":"https:\/\/laetitiagrun.art\/?page_id=2940#primaryimage","url":"https:\/\/laetitiagrun.art\/wp-content\/uploads\/chardonneret-bleu8-scaled-e1713531223298.jpg","contentUrl":"https:\/\/laetitiagrun.art\/wp-content\/uploads\/chardonneret-bleu8-scaled-e1713531223298.jpg","width":1557,"height":2112,"caption":"chardonneret \u00e9l\u00e9gant dessin stylo \u00e0 bille bleu"},{"@type":"BreadcrumbList","@id":"https:\/\/laetitiagrun.art\/?page_id=2940#breadcrumb","itemListElement":[{"@type":"ListItem","position":1,"name":"Accueil","item":"https:\/\/laetitiagrun.art\/"},{"@type":"ListItem","position":2,"name":"Roger-P\u00e9p\u00e8re Blue"}]},{"@type":"WebSite","@id":"https:\/\/laetitiagrun.art\/#website","url":"https:\/\/laetitiagrun.art\/","name":"la\u00ebtitiagr\u00fcn.art","description":"","publisher":{"@id":"https:\/\/laetitiagrun.art\/#organization"},"potentialAction":[{"@type":"SearchAction","target":{"@type":"EntryPoint","urlTemplate":"https:\/\/laetitiagrun.art\/?s={search_term_string}"},"query-input":{"@type":"PropertyValueSpecification","valueRequired":true,"valueName":"search_term_string"}}],"inLanguage":"fr-FR"},{"@type":"Organization","@id":"https:\/\/laetitiagrun.art\/#organization","name":"La\u00ebtitia Gr\u00fcn","url":"https:\/\/laetitiagrun.art\/","logo":{"@type":"ImageObject","inLanguage":"fr-FR","@id":"https:\/\/laetitiagrun.art\/#\/schema\/logo\/image\/","url":"https:\/\/laetitiagrun.art\/wp-content\/uploads\/2019\/11\/cropped-lae-4.png","contentUrl":"https:\/\/laetitiagrun.art\/wp-content\/uploads\/2019\/11\/cropped-lae-4.png","width":512,"height":512,"caption":"La\u00ebtitia Gr\u00fcn"},"image":{"@id":"https:\/\/laetitiagrun.art\/#\/schema\/logo\/image\/"},"sameAs":["https:\/\/www.instagram.com\/laetitia.grun\/?hl=fr"]}]}},"_links":{"self":[{"href":"https:\/\/laetitiagrun.art\/index.php?rest_route=\/wp\/v2\/pages\/2940","targetHints":{"allow":["GET"]}}],"collection":[{"href":"https:\/\/laetitiagrun.art\/index.php?rest_route=\/wp\/v2\/pages"}],"about":[{"href":"https:\/\/laetitiagrun.art\/index.php?rest_route=\/wp\/v2\/types\/page"}],"author":[{"embeddable":true,"href":"https:\/\/laetitiagrun.art\/index.php?rest_route=\/wp\/v2\/users\/1"}],"replies":[{"embeddable":true,"href":"https:\/\/laetitiagrun.art\/index.php?rest_route=%2Fwp%2Fv2%2Fcomments&post=2940"}],"version-history":[{"count":4,"href":"https:\/\/laetitiagrun.art\/index.php?rest_route=\/wp\/v2\/pages\/2940\/revisions"}],"predecessor-version":[{"id":3290,"href":"https:\/\/laetitiagrun.art\/index.php?rest_route=\/wp\/v2\/pages\/2940\/revisions\/3290"}],"wp:attachment":[{"href":"https:\/\/laetitiagrun.art\/index.php?rest_route=%2Fwp%2Fv2%2Fmedia&parent=2940"}],"wp:term":[{"taxonomy":"folder","embeddable":true,"href":"https:\/\/laetitiagrun.art\/index.php?rest_route=%2Fwp%2Fv2%2Ffolder&post=2940"}],"curies":[{"name":"wp","href":"https:\/\/api.w.org\/{rel}","templated":true}]}}