{"id":2788,"date":"2024-04-18T16:24:33","date_gmt":"2024-04-18T14:24:33","guid":{"rendered":"https:\/\/laetitiagrun.art\/?page_id=2788"},"modified":"2024-04-23T10:11:32","modified_gmt":"2024-04-23T08:11:32","slug":"les-images-de-la-nuit","status":"publish","type":"page","link":"https:\/\/laetitiagrun.art\/?page_id=2788","title":{"rendered":"Les images de la nuit"},"content":{"rendered":"\t\t<div data-elementor-type=\"wp-page\" data-elementor-id=\"2788\" class=\"elementor elementor-2788\">\n\t\t\t\t\t\t<section class=\"elementor-section elementor-top-section elementor-element elementor-element-4cf3429 elementor-section-boxed elementor-section-height-default elementor-section-height-default\" data-id=\"4cf3429\" data-element_type=\"section\" data-e-type=\"section\">\n\t\t\t\t\t\t<div class=\"elementor-container elementor-column-gap-default\">\n\t\t\t\t\t<div class=\"elementor-column elementor-col-50 elementor-top-column elementor-element elementor-element-d5cfdc5\" data-id=\"d5cfdc5\" data-element_type=\"column\" data-e-type=\"column\">\n\t\t\t<div class=\"elementor-widget-wrap elementor-element-populated\">\n\t\t\t\t\t\t<div class=\"elementor-element elementor-element-09a9418 elementor-widget elementor-widget-text-editor\" data-id=\"09a9418\" data-element_type=\"widget\" data-e-type=\"widget\" data-widget_type=\"text-editor.default\">\n\t\t\t\t<div class=\"elementor-widget-container\">\n\t\t\t\t\t\t\t\t\t<h6><span style=\"color: #ff6600;\">2020<\/span><br \/><br \/><span style=\"color: #ff6600;\">S\u00e9rie de dessins r\u00e9alis\u00e9s au stylo \u00e0 bille bleu sur papier calque\u00a0<\/span><\/h6>\t\t\t\t\t\t\t\t<\/div>\n\t\t\t\t<\/div>\n\t\t\t\t\t<\/div>\n\t\t<\/div>\n\t\t\t\t<div class=\"elementor-column elementor-col-50 elementor-top-column elementor-element elementor-element-59d2dd4\" data-id=\"59d2dd4\" data-element_type=\"column\" data-e-type=\"column\">\n\t\t\t<div class=\"elementor-widget-wrap\">\n\t\t\t\t\t\t\t<\/div>\n\t\t<\/div>\n\t\t\t\t\t<\/div>\n\t\t<\/section>\n\t\t\t\t<section class=\"elementor-section elementor-top-section elementor-element elementor-element-aa5cfae elementor-section-boxed elementor-section-height-default elementor-section-height-default\" data-id=\"aa5cfae\" data-element_type=\"section\" data-e-type=\"section\">\n\t\t\t\t\t\t<div class=\"elementor-container elementor-column-gap-default\">\n\t\t\t\t\t<div class=\"elementor-column elementor-col-100 elementor-top-column elementor-element elementor-element-c2d483c\" data-id=\"c2d483c\" data-element_type=\"column\" data-e-type=\"column\">\n\t\t\t<div class=\"elementor-widget-wrap elementor-element-populated\">\n\t\t\t\t\t\t<div class=\"elementor-element elementor-element-d756f70 elementor-arrows-position-inside elementor-pagination-position-outside elementor-widget elementor-widget-image-carousel\" data-id=\"d756f70\" data-element_type=\"widget\" data-e-type=\"widget\" data-settings=\"{&quot;navigation&quot;:&quot;both&quot;,&quot;autoplay&quot;:&quot;yes&quot;,&quot;pause_on_hover&quot;:&quot;yes&quot;,&quot;pause_on_interaction&quot;:&quot;yes&quot;,&quot;autoplay_speed&quot;:5000,&quot;infinite&quot;:&quot;yes&quot;,&quot;speed&quot;:500}\" data-widget_type=\"image-carousel.default\">\n\t\t\t\t<div class=\"elementor-widget-container\">\n\t\t\t\t\t\t\t<div class=\"elementor-image-carousel-wrapper swiper\" role=\"region\" aria-roledescription=\"carousel\" aria-label=\"Carrousel d\u2019images\" dir=\"ltr\">\n\t\t\t<div class=\"elementor-image-carousel swiper-wrapper\" aria-live=\"off\">\n\t\t\t\t\t\t\t\t<div class=\"swiper-slide\" role=\"group\" aria-roledescription=\"slide\" aria-label=\"1 sur 5\"><a data-elementor-open-lightbox=\"yes\" data-elementor-lightbox-slideshow=\"d756f70\" data-elementor-lightbox-title=\"LES IMAGES DE LA NUIT n\u00b01\" data-elementor-lightbox-description=\"Encre de stylo \u00e0 bille bleu sur papier calque \n17 x 9 cm \nCollection priv\u00e9e\" data-e-action-hash=\"#elementor-action%3Aaction%3Dlightbox%26settings%3DeyJpZCI6MzAyMCwidXJsIjoiaHR0cHM6XC9cL2xhZXRpdGlhZ3J1bi5hcnRcL3dwLWNvbnRlbnRcL3VwbG9hZHNcL2ltYWdlcy1kZS1sYS1udWl0MS1zY2FsZWQuanBnIiwic2xpZGVzaG93IjoiZDc1NmY3MCJ9\" href=\"https:\/\/laetitiagrun.art\/wp-content\/uploads\/images-de-la-nuit1-scaled.jpg\"><figure class=\"swiper-slide-inner\"><img decoding=\"async\" class=\"swiper-slide-image\" src=\"https:\/\/laetitiagrun.art\/wp-content\/uploads\/images-de-la-nuit1-800x600.jpg\" alt=\"encre bleue sur papier calque\" \/><\/figure><\/a><\/div><div class=\"swiper-slide\" role=\"group\" aria-roledescription=\"slide\" aria-label=\"2 sur 5\"><a data-elementor-open-lightbox=\"yes\" data-elementor-lightbox-slideshow=\"d756f70\" data-elementor-lightbox-title=\"LES IMAGES DE LA NUIT n\u00b02\" data-elementor-lightbox-description=\"Encre de stylo \u00e0 bille bleu sur papier calque \n15 x 23 cm \nCollection priv\u00e9e\n\" data-e-action-hash=\"#elementor-action%3Aaction%3Dlightbox%26settings%3DeyJpZCI6MzAyMSwidXJsIjoiaHR0cHM6XC9cL2xhZXRpdGlhZ3J1bi5hcnRcL3dwLWNvbnRlbnRcL3VwbG9hZHNcL2ltYWdlcy1kZS1sYS1udWl0MTAtZTE3MTM3ODk5Njc2MDkuanBnIiwic2xpZGVzaG93IjoiZDc1NmY3MCJ9\" href=\"https:\/\/laetitiagrun.art\/wp-content\/uploads\/images-de-la-nuit10-e1713789967609.jpg\"><figure class=\"swiper-slide-inner\"><img decoding=\"async\" class=\"swiper-slide-image\" src=\"https:\/\/laetitiagrun.art\/wp-content\/uploads\/images-de-la-nuit10-e1713789967609-800x600.jpg\" alt=\"encre bleue sur papier calque\" \/><\/figure><\/a><\/div><div class=\"swiper-slide\" role=\"group\" aria-roledescription=\"slide\" aria-label=\"3 sur 5\"><a data-elementor-open-lightbox=\"yes\" data-elementor-lightbox-slideshow=\"d756f70\" data-elementor-lightbox-title=\"LES IMAGES DE LA NUIT n\u00b03\" data-elementor-lightbox-description=\"Encre de stylo \u00e0 bille bleu sur papier calque \n15 x 23 cm \nCollection priv\u00e9e\n\" data-e-action-hash=\"#elementor-action%3Aaction%3Dlightbox%26settings%3DeyJpZCI6Mjc3NiwidXJsIjoiaHR0cHM6XC9cL2xhZXRpdGlhZ3J1bi5hcnRcL3dwLWNvbnRlbnRcL3VwbG9hZHNcL2ltYWdlcy1kZS1sYS1udWl0Ni1lMTcxMzc4OTkyMTMzNy5qcGciLCJzbGlkZXNob3ciOiJkNzU2ZjcwIn0%3D\" href=\"https:\/\/laetitiagrun.art\/wp-content\/uploads\/images-de-la-nuit6-e1713789921337.jpg\"><figure class=\"swiper-slide-inner\"><img decoding=\"async\" class=\"swiper-slide-image\" src=\"https:\/\/laetitiagrun.art\/wp-content\/uploads\/images-de-la-nuit6-e1713789921337-800x600.jpg\" alt=\"encre bleue sur papier calque\" \/><\/figure><\/a><\/div><div class=\"swiper-slide\" role=\"group\" aria-roledescription=\"slide\" aria-label=\"4 sur 5\"><a data-elementor-open-lightbox=\"yes\" data-elementor-lightbox-slideshow=\"d756f70\" data-elementor-lightbox-title=\"LES IMAGES DE LA NUIT n\u00b04\" data-elementor-lightbox-description=\"Encre de stylo \u00e0 bille bleu sur papier calque \n61 x 38 cm \nCollection priv\u00e9e\n\" data-e-action-hash=\"#elementor-action%3Aaction%3Dlightbox%26settings%3DeyJpZCI6MzAyMiwidXJsIjoiaHR0cHM6XC9cL2xhZXRpdGlhZ3J1bi5hcnRcL3dwLWNvbnRlbnRcL3VwbG9hZHNcL21lci1kZS1udWFnZXMxLXNjYWxlZC5qcGciLCJzbGlkZXNob3ciOiJkNzU2ZjcwIn0%3D\" href=\"https:\/\/laetitiagrun.art\/wp-content\/uploads\/mer-de-nuages1-scaled.jpg\"><figure class=\"swiper-slide-inner\"><img decoding=\"async\" class=\"swiper-slide-image\" src=\"https:\/\/laetitiagrun.art\/wp-content\/uploads\/mer-de-nuages1-800x600.jpg\" alt=\"encre bleue sur papier calque\" \/><\/figure><\/a><\/div><div class=\"swiper-slide\" role=\"group\" aria-roledescription=\"slide\" aria-label=\"5 sur 5\"><a data-elementor-open-lightbox=\"yes\" data-elementor-lightbox-slideshow=\"d756f70\" data-elementor-lightbox-title=\"LES IMAGES DE LA NUIT n\u00b04 (d\u00e9tail)\" data-elementor-lightbox-description=\"Encre de stylo \u00e0 bille bleu sur papier calque \n61 x 38 cm \nCollection priv\u00e9e\n\" data-e-action-hash=\"#elementor-action%3Aaction%3Dlightbox%26settings%3DeyJpZCI6MzAyMywidXJsIjoiaHR0cHM6XC9cL2xhZXRpdGlhZ3J1bi5hcnRcL3dwLWNvbnRlbnRcL3VwbG9hZHNcL21lci1kZS1udWFnZXMzLXNjYWxlZC5qcGciLCJzbGlkZXNob3ciOiJkNzU2ZjcwIn0%3D\" href=\"https:\/\/laetitiagrun.art\/wp-content\/uploads\/mer-de-nuages3-scaled.jpg\"><figure class=\"swiper-slide-inner\"><img decoding=\"async\" class=\"swiper-slide-image\" src=\"https:\/\/laetitiagrun.art\/wp-content\/uploads\/mer-de-nuages3-800x600.jpg\" alt=\"encre bleue sur papier calque\" \/><\/figure><\/a><\/div>\t\t\t<\/div>\n\t\t\t\t\t\t\t\t\t\t\t\t<div class=\"elementor-swiper-button elementor-swiper-button-prev\" role=\"button\" tabindex=\"0\">\n\t\t\t\t\t\t<i aria-hidden=\"true\" class=\"eicon-chevron-left\"><\/i>\t\t\t\t\t<\/div>\n\t\t\t\t\t<div class=\"elementor-swiper-button elementor-swiper-button-next\" role=\"button\" tabindex=\"0\">\n\t\t\t\t\t\t<i aria-hidden=\"true\" class=\"eicon-chevron-right\"><\/i>\t\t\t\t\t<\/div>\n\t\t\t\t\n\t\t\t\t\t\t\t\t\t<div class=\"swiper-pagination\"><\/div>\n\t\t\t\t\t\t\t\t\t<\/div>\n\t\t\t\t\t\t<\/div>\n\t\t\t\t<\/div>\n\t\t\t\t\t<\/div>\n\t\t<\/div>\n\t\t\t\t\t<\/div>\n\t\t<\/section>\n\t\t\t\t<section class=\"elementor-section elementor-top-section elementor-element elementor-element-293213e elementor-section-boxed elementor-section-height-default elementor-section-height-default\" data-id=\"293213e\" data-element_type=\"section\" data-e-type=\"section\">\n\t\t\t\t\t\t<div class=\"elementor-container elementor-column-gap-default\">\n\t\t\t\t\t<div class=\"elementor-column elementor-col-50 elementor-top-column elementor-element elementor-element-9d7edfb\" data-id=\"9d7edfb\" data-element_type=\"column\" data-e-type=\"column\">\n\t\t\t<div class=\"elementor-widget-wrap elementor-element-populated\">\n\t\t\t\t\t\t<div class=\"elementor-element elementor-element-088441a elementor-widget elementor-widget-button\" data-id=\"088441a\" data-element_type=\"widget\" data-e-type=\"widget\" data-widget_type=\"button.default\">\n\t\t\t\t<div class=\"elementor-widget-container\">\n\t\t\t\t\t\t\t\t\t<div class=\"elementor-button-wrapper\">\n\t\t\t\t\t<a class=\"elementor-button elementor-button-link elementor-size-sm\" href=\"https:\/\/laetitiagrun.art\/?page_id=2758\">\n\t\t\t\t\t\t<span class=\"elementor-button-content-wrapper\">\n\t\t\t\t\t\t<span class=\"elementor-button-icon\">\n\t\t\t\t<i aria-hidden=\"true\" class=\"far fa-arrow-alt-circle-left\"><\/i>\t\t\t<\/span>\n\t\t\t\t\t\t\t\t\t<span class=\"elementor-button-text\">retour<\/span>\n\t\t\t\t\t<\/span>\n\t\t\t\t\t<\/a>\n\t\t\t\t<\/div>\n\t\t\t\t\t\t\t\t<\/div>\n\t\t\t\t<\/div>\n\t\t\t\t\t<\/div>\n\t\t<\/div>\n\t\t\t\t<div class=\"elementor-column elementor-col-50 elementor-top-column elementor-element elementor-element-21d3a57\" data-id=\"21d3a57\" data-element_type=\"column\" data-e-type=\"column\">\n\t\t\t<div class=\"elementor-widget-wrap elementor-element-populated\">\n\t\t\t\t\t\t<div class=\"elementor-element elementor-element-20e2c41 elementor-align-right elementor-widget elementor-widget-button\" data-id=\"20e2c41\" data-element_type=\"widget\" data-e-type=\"widget\" data-widget_type=\"button.default\">\n\t\t\t\t<div class=\"elementor-widget-container\">\n\t\t\t\t\t\t\t\t\t<div class=\"elementor-button-wrapper\">\n\t\t\t\t\t<a class=\"elementor-button elementor-button-link elementor-size-sm\" href=\"https:\/\/laetitiagrun.art\/?page_id=3047\">\n\t\t\t\t\t\t<span class=\"elementor-button-content-wrapper\">\n\t\t\t\t\t\t<span class=\"elementor-button-icon\">\n\t\t\t\t<i aria-hidden=\"true\" class=\"far fa-arrow-alt-circle-right\"><\/i>\t\t\t<\/span>\n\t\t\t\t\t\t\t\t\t<span class=\"elementor-button-text\">suivant<\/span>\n\t\t\t\t\t<\/span>\n\t\t\t\t\t<\/a>\n\t\t\t\t<\/div>\n\t\t\t\t\t\t\t\t<\/div>\n\t\t\t\t<\/div>\n\t\t\t\t\t<\/div>\n\t\t<\/div>\n\t\t\t\t\t<\/div>\n\t\t<\/section>\n\t\t\t\t<\/div>\n\t\t","protected":false},"excerpt":{"rendered":"<p>2020 S\u00e9rie de dessins r\u00e9alis\u00e9s au stylo \u00e0 bille bleu sur papier calque\u00a0 retour suivant<\/p>\n","protected":false},"author":1,"featured_media":0,"parent":0,"menu_order":0,"comment_status":"closed","ping_status":"closed","template":"","meta":{"footnotes":""},"folder":[18],"class_list":["post-2788","page","type-page","status-publish","hentry"],"yoast_head":"<!-- This site is optimized with the Yoast SEO plugin v27.5 - https:\/\/yoast.com\/product\/yoast-seo-wordpress\/ -->\n<title>Les images de la nuit &#8226; la\u00ebtitia gr\u00fcn.art<\/title>\n<meta name=\"robots\" content=\"index, follow, max-snippet:-1, max-image-preview:large, max-video-preview:-1\" \/>\n<link rel=\"canonical\" href=\"https:\/\/laetitiagrun.art\/?page_id=2788\" \/>\n<meta property=\"og:locale\" content=\"fr_FR\" \/>\n<meta property=\"og:type\" content=\"article\" \/>\n<meta property=\"og:title\" content=\"Les images de la nuit &#8226; la\u00ebtitia gr\u00fcn.art\" \/>\n<meta property=\"og:description\" content=\"2020 S\u00e9rie de dessins r\u00e9alis\u00e9s au stylo \u00e0 bille bleu sur papier calque\u00a0 retour suivant\" \/>\n<meta property=\"og:url\" content=\"https:\/\/laetitiagrun.art\/?page_id=2788\" \/>\n<meta property=\"og:site_name\" content=\"la\u00ebtitia gr\u00fcn.art\" \/>\n<meta property=\"article:modified_time\" content=\"2024-04-23T08:11:32+00:00\" \/>\n<meta property=\"og:image\" content=\"https:\/\/laetitiagrun.art\/wp-content\/uploads\/images-de-la-nuit1-800x600.jpg\" \/>\n<meta name=\"twitter:card\" content=\"summary_large_image\" \/>\n<meta name=\"twitter:label1\" content=\"Dur\u00e9e de lecture estim\u00e9e\" \/>\n\t<meta name=\"twitter:data1\" content=\"2 minutes\" \/>\n<script type=\"application\/ld+json\" class=\"yoast-schema-graph\">{\"@context\":\"https:\\\/\\\/schema.org\",\"@graph\":[{\"@type\":\"WebPage\",\"@id\":\"https:\\\/\\\/laetitiagrun.art\\\/?page_id=2788\",\"url\":\"https:\\\/\\\/laetitiagrun.art\\\/?page_id=2788\",\"name\":\"Les images de la nuit &#8226; la\u00ebtitia gr\u00fcn.art\",\"isPartOf\":{\"@id\":\"https:\\\/\\\/laetitiagrun.art\\\/#website\"},\"primaryImageOfPage\":{\"@id\":\"https:\\\/\\\/laetitiagrun.art\\\/?page_id=2788#primaryimage\"},\"image\":{\"@id\":\"https:\\\/\\\/laetitiagrun.art\\\/?page_id=2788#primaryimage\"},\"thumbnailUrl\":\"https:\\\/\\\/laetitiagrun.art\\\/wp-content\\\/uploads\\\/images-de-la-nuit1-800x600.jpg\",\"datePublished\":\"2024-04-18T14:24:33+00:00\",\"dateModified\":\"2024-04-23T08:11:32+00:00\",\"breadcrumb\":{\"@id\":\"https:\\\/\\\/laetitiagrun.art\\\/?page_id=2788#breadcrumb\"},\"inLanguage\":\"fr-FR\",\"potentialAction\":[{\"@type\":\"ReadAction\",\"target\":[\"https:\\\/\\\/laetitiagrun.art\\\/?page_id=2788\"]}]},{\"@type\":\"ImageObject\",\"inLanguage\":\"fr-FR\",\"@id\":\"https:\\\/\\\/laetitiagrun.art\\\/?page_id=2788#primaryimage\",\"url\":\"https:\\\/\\\/laetitiagrun.art\\\/wp-content\\\/uploads\\\/images-de-la-nuit1-scaled.jpg\",\"contentUrl\":\"https:\\\/\\\/laetitiagrun.art\\\/wp-content\\\/uploads\\\/images-de-la-nuit1-scaled.jpg\",\"width\":2560,\"height\":1433,\"caption\":\"LES IMAGES DE LA NUIT n\u00b01 Encre de stylo \u00e0 bille bleu sur papier calque 17 x 9 cm Collection priv\u00e9e\"},{\"@type\":\"BreadcrumbList\",\"@id\":\"https:\\\/\\\/laetitiagrun.art\\\/?page_id=2788#breadcrumb\",\"itemListElement\":[{\"@type\":\"ListItem\",\"position\":1,\"name\":\"Accueil\",\"item\":\"https:\\\/\\\/laetitiagrun.art\\\/\"},{\"@type\":\"ListItem\",\"position\":2,\"name\":\"Les images de la nuit\"}]},{\"@type\":\"WebSite\",\"@id\":\"https:\\\/\\\/laetitiagrun.art\\\/#website\",\"url\":\"https:\\\/\\\/laetitiagrun.art\\\/\",\"name\":\"la\u00ebtitiagr\u00fcn.art\",\"description\":\"\",\"publisher\":{\"@id\":\"https:\\\/\\\/laetitiagrun.art\\\/#organization\"},\"potentialAction\":[{\"@type\":\"SearchAction\",\"target\":{\"@type\":\"EntryPoint\",\"urlTemplate\":\"https:\\\/\\\/laetitiagrun.art\\\/?s={search_term_string}\"},\"query-input\":{\"@type\":\"PropertyValueSpecification\",\"valueRequired\":true,\"valueName\":\"search_term_string\"}}],\"inLanguage\":\"fr-FR\"},{\"@type\":\"Organization\",\"@id\":\"https:\\\/\\\/laetitiagrun.art\\\/#organization\",\"name\":\"La\u00ebtitia Gr\u00fcn\",\"url\":\"https:\\\/\\\/laetitiagrun.art\\\/\",\"logo\":{\"@type\":\"ImageObject\",\"inLanguage\":\"fr-FR\",\"@id\":\"https:\\\/\\\/laetitiagrun.art\\\/#\\\/schema\\\/logo\\\/image\\\/\",\"url\":\"https:\\\/\\\/laetitiagrun.art\\\/wp-content\\\/uploads\\\/2019\\\/11\\\/cropped-lae-4.png\",\"contentUrl\":\"https:\\\/\\\/laetitiagrun.art\\\/wp-content\\\/uploads\\\/2019\\\/11\\\/cropped-lae-4.png\",\"width\":512,\"height\":512,\"caption\":\"La\u00ebtitia Gr\u00fcn\"},\"image\":{\"@id\":\"https:\\\/\\\/laetitiagrun.art\\\/#\\\/schema\\\/logo\\\/image\\\/\"},\"sameAs\":[\"https:\\\/\\\/www.instagram.com\\\/laetitia.grun\\\/?hl=fr\"]}]}<\/script>\n<!-- \/ Yoast SEO plugin. -->","yoast_head_json":{"title":"Les images de la nuit &#8226; la\u00ebtitia gr\u00fcn.art","robots":{"index":"index","follow":"follow","max-snippet":"max-snippet:-1","max-image-preview":"max-image-preview:large","max-video-preview":"max-video-preview:-1"},"canonical":"https:\/\/laetitiagrun.art\/?page_id=2788","og_locale":"fr_FR","og_type":"article","og_title":"Les images de la nuit &#8226; la\u00ebtitia gr\u00fcn.art","og_description":"2020 S\u00e9rie de dessins r\u00e9alis\u00e9s au stylo \u00e0 bille bleu sur papier calque\u00a0 retour suivant","og_url":"https:\/\/laetitiagrun.art\/?page_id=2788","og_site_name":"la\u00ebtitia gr\u00fcn.art","article_modified_time":"2024-04-23T08:11:32+00:00","og_image":[{"url":"https:\/\/laetitiagrun.art\/wp-content\/uploads\/images-de-la-nuit1-800x600.jpg","type":"","width":"","height":""}],"twitter_card":"summary_large_image","twitter_misc":{"Dur\u00e9e de lecture estim\u00e9e":"2 minutes"},"schema":{"@context":"https:\/\/schema.org","@graph":[{"@type":"WebPage","@id":"https:\/\/laetitiagrun.art\/?page_id=2788","url":"https:\/\/laetitiagrun.art\/?page_id=2788","name":"Les images de la nuit &#8226; la\u00ebtitia gr\u00fcn.art","isPartOf":{"@id":"https:\/\/laetitiagrun.art\/#website"},"primaryImageOfPage":{"@id":"https:\/\/laetitiagrun.art\/?page_id=2788#primaryimage"},"image":{"@id":"https:\/\/laetitiagrun.art\/?page_id=2788#primaryimage"},"thumbnailUrl":"https:\/\/laetitiagrun.art\/wp-content\/uploads\/images-de-la-nuit1-800x600.jpg","datePublished":"2024-04-18T14:24:33+00:00","dateModified":"2024-04-23T08:11:32+00:00","breadcrumb":{"@id":"https:\/\/laetitiagrun.art\/?page_id=2788#breadcrumb"},"inLanguage":"fr-FR","potentialAction":[{"@type":"ReadAction","target":["https:\/\/laetitiagrun.art\/?page_id=2788"]}]},{"@type":"ImageObject","inLanguage":"fr-FR","@id":"https:\/\/laetitiagrun.art\/?page_id=2788#primaryimage","url":"https:\/\/laetitiagrun.art\/wp-content\/uploads\/images-de-la-nuit1-scaled.jpg","contentUrl":"https:\/\/laetitiagrun.art\/wp-content\/uploads\/images-de-la-nuit1-scaled.jpg","width":2560,"height":1433,"caption":"LES IMAGES DE LA NUIT n\u00b01 Encre de stylo \u00e0 bille bleu sur papier calque 17 x 9 cm Collection priv\u00e9e"},{"@type":"BreadcrumbList","@id":"https:\/\/laetitiagrun.art\/?page_id=2788#breadcrumb","itemListElement":[{"@type":"ListItem","position":1,"name":"Accueil","item":"https:\/\/laetitiagrun.art\/"},{"@type":"ListItem","position":2,"name":"Les images de la nuit"}]},{"@type":"WebSite","@id":"https:\/\/laetitiagrun.art\/#website","url":"https:\/\/laetitiagrun.art\/","name":"la\u00ebtitiagr\u00fcn.art","description":"","publisher":{"@id":"https:\/\/laetitiagrun.art\/#organization"},"potentialAction":[{"@type":"SearchAction","target":{"@type":"EntryPoint","urlTemplate":"https:\/\/laetitiagrun.art\/?s={search_term_string}"},"query-input":{"@type":"PropertyValueSpecification","valueRequired":true,"valueName":"search_term_string"}}],"inLanguage":"fr-FR"},{"@type":"Organization","@id":"https:\/\/laetitiagrun.art\/#organization","name":"La\u00ebtitia Gr\u00fcn","url":"https:\/\/laetitiagrun.art\/","logo":{"@type":"ImageObject","inLanguage":"fr-FR","@id":"https:\/\/laetitiagrun.art\/#\/schema\/logo\/image\/","url":"https:\/\/laetitiagrun.art\/wp-content\/uploads\/2019\/11\/cropped-lae-4.png","contentUrl":"https:\/\/laetitiagrun.art\/wp-content\/uploads\/2019\/11\/cropped-lae-4.png","width":512,"height":512,"caption":"La\u00ebtitia Gr\u00fcn"},"image":{"@id":"https:\/\/laetitiagrun.art\/#\/schema\/logo\/image\/"},"sameAs":["https:\/\/www.instagram.com\/laetitia.grun\/?hl=fr"]}]}},"_links":{"self":[{"href":"https:\/\/laetitiagrun.art\/index.php?rest_route=\/wp\/v2\/pages\/2788","targetHints":{"allow":["GET"]}}],"collection":[{"href":"https:\/\/laetitiagrun.art\/index.php?rest_route=\/wp\/v2\/pages"}],"about":[{"href":"https:\/\/laetitiagrun.art\/index.php?rest_route=\/wp\/v2\/types\/page"}],"author":[{"embeddable":true,"href":"https:\/\/laetitiagrun.art\/index.php?rest_route=\/wp\/v2\/users\/1"}],"replies":[{"embeddable":true,"href":"https:\/\/laetitiagrun.art\/index.php?rest_route=%2Fwp%2Fv2%2Fcomments&post=2788"}],"version-history":[{"count":21,"href":"https:\/\/laetitiagrun.art\/index.php?rest_route=\/wp\/v2\/pages\/2788\/revisions"}],"predecessor-version":[{"id":3073,"href":"https:\/\/laetitiagrun.art\/index.php?rest_route=\/wp\/v2\/pages\/2788\/revisions\/3073"}],"wp:attachment":[{"href":"https:\/\/laetitiagrun.art\/index.php?rest_route=%2Fwp%2Fv2%2Fmedia&parent=2788"}],"wp:term":[{"taxonomy":"folder","embeddable":true,"href":"https:\/\/laetitiagrun.art\/index.php?rest_route=%2Fwp%2Fv2%2Ffolder&post=2788"}],"curies":[{"name":"wp","href":"https:\/\/api.w.org\/{rel}","templated":true}]}}