{"id":2758,"date":"2024-04-18T11:38:59","date_gmt":"2024-04-18T09:38:59","guid":{"rendered":"https:\/\/laetitiagrun.art\/?page_id=2758"},"modified":"2025-04-07T22:02:46","modified_gmt":"2025-04-07T20:02:46","slug":"portfolio","status":"publish","type":"page","link":"https:\/\/laetitiagrun.art\/?page_id=2758","title":{"rendered":"Dessins"},"content":{"rendered":"\t\t<div data-elementor-type=\"wp-page\" data-elementor-id=\"2758\" class=\"elementor elementor-2758\">\n\t\t\t\t\t\t<section class=\"elementor-section elementor-top-section elementor-element elementor-element-a5bee6e elementor-section-boxed elementor-section-height-default elementor-section-height-default\" data-id=\"a5bee6e\" data-element_type=\"section\" data-e-type=\"section\">\n\t\t\t\t\t\t<div class=\"elementor-container elementor-column-gap-default\">\n\t\t\t\t\t<div class=\"elementor-column elementor-col-100 elementor-top-column elementor-element elementor-element-7c3f5fc\" data-id=\"7c3f5fc\" data-element_type=\"column\" data-e-type=\"column\">\n\t\t\t<div class=\"elementor-widget-wrap elementor-element-populated\">\n\t\t\t\t\t\t<div class=\"elementor-element elementor-element-72bc28b elementor-widget elementor-widget-text-editor\" data-id=\"72bc28b\" data-element_type=\"widget\" data-e-type=\"widget\" data-widget_type=\"text-editor.default\">\n\t\t\t\t<div class=\"elementor-widget-container\">\n\t\t\t\t\t\t\t\t\t<p>Cliquez sur les images pour d\u00e9rouler la s\u00e9rie<span style=\"font-size: 14px;\">\u261f<\/span><\/p>\t\t\t\t\t\t\t\t<\/div>\n\t\t\t\t<\/div>\n\t\t\t\t\t<\/div>\n\t\t<\/div>\n\t\t\t\t\t<\/div>\n\t\t<\/section>\n\t\t\t\t<section class=\"elementor-section elementor-top-section elementor-element elementor-element-38b6096 elementor-section-boxed elementor-section-height-default elementor-section-height-default\" data-id=\"38b6096\" data-element_type=\"section\" data-e-type=\"section\">\n\t\t\t\t\t\t<div class=\"elementor-container elementor-column-gap-default\">\n\t\t\t\t\t<div class=\"elementor-column elementor-col-33 elementor-top-column elementor-element elementor-element-ceabdd8\" data-id=\"ceabdd8\" data-element_type=\"column\" data-e-type=\"column\">\n\t\t\t<div class=\"elementor-widget-wrap elementor-element-populated\">\n\t\t\t\t\t\t<div class=\"elementor-element elementor-element-5e08e17 elementor-widget elementor-widget-e_image_hover_effects\" data-id=\"5e08e17\" data-element_type=\"widget\" data-e-type=\"widget\" data-widget_type=\"e_image_hover_effects.default\">\n\t\t\t\t<div class=\"elementor-widget-container\">\n\t\t\t\t\t\t\t\t<a href=\"https:\/\/laetitiagrun.art\/?page_id=3345\">\n\t\t\t\t\t<div class=\"eihe-box eihe-fade-in-up eihe_center\">\n\t\t\t\t<img fetchpriority=\"high\" decoding=\"async\" width=\"800\" height=\"600\" src=\"https:\/\/laetitiagrun.art\/wp-content\/uploads\/voilier3-800x600.jpg\" class=\"attachment-sketch-landscape size-sketch-landscape wp-image-3310\" alt=\"\" \/>\t\t\t\t<div class=\"eihe-caption\">\n\t\t\t\t\t<div class=\"eihe-title-cover\">\n\t\t\t\t\t\t\t\t\t\t\t\t<p class=\"eihe-title\">Voiliers<\/p>\n\t\t\t\t\t\t\t\t\t\t\t<\/div>\n\t\t\t\t\t<p><\/p>\n\t\t\t\t<\/div>\n\t\t\t<\/div>\n\t\t\t\t\t<\/a>\n\t\t\t\t\t\t<\/div>\n\t\t\t\t<\/div>\n\t\t\t\t\t<\/div>\n\t\t<\/div>\n\t\t\t\t<div class=\"elementor-column elementor-col-33 elementor-top-column elementor-element elementor-element-cab09cc\" data-id=\"cab09cc\" data-element_type=\"column\" data-e-type=\"column\">\n\t\t\t<div class=\"elementor-widget-wrap elementor-element-populated\">\n\t\t\t\t\t\t<div class=\"elementor-element elementor-element-8b97718 elementor-widget elementor-widget-e_image_hover_effects\" data-id=\"8b97718\" data-element_type=\"widget\" data-e-type=\"widget\" data-widget_type=\"e_image_hover_effects.default\">\n\t\t\t\t<div class=\"elementor-widget-container\">\n\t\t\t\t\t\t\t\t<a href=\"https:\/\/laetitiagrun.art\/?page_id=3351\u2197\">\n\t\t\t\t\t<div class=\"eihe-box eihe-fade-in-up eihe_center\">\n\t\t\t\t<img decoding=\"async\" width=\"800\" height=\"600\" src=\"https:\/\/laetitiagrun.art\/wp-content\/uploads\/les-floraisons7-800x600.jpg\" class=\"attachment-sketch-landscape size-sketch-landscape wp-image-3320\" alt=\"\" \/>\t\t\t\t<div class=\"eihe-caption\">\n\t\t\t\t\t<div class=\"eihe-title-cover\">\n\t\t\t\t\t\t\t\t\t\t\t\t<p class=\"eihe-title\">Les floraisons<\/p>\n\t\t\t\t\t\t\t\t\t\t\t<\/div>\n\t\t\t\t\t<p><\/p>\n\t\t\t\t<\/div>\n\t\t\t<\/div>\n\t\t\t\t\t<\/a>\n\t\t\t\t\t\t<\/div>\n\t\t\t\t<\/div>\n\t\t\t\t\t<\/div>\n\t\t<\/div>\n\t\t\t\t<div class=\"elementor-column elementor-col-33 elementor-top-column elementor-element elementor-element-fdd3d5a\" data-id=\"fdd3d5a\" data-element_type=\"column\" data-e-type=\"column\">\n\t\t\t<div class=\"elementor-widget-wrap elementor-element-populated\">\n\t\t\t\t\t\t<div class=\"elementor-element elementor-element-c06e135 elementor-widget elementor-widget-e_image_hover_effects\" data-id=\"c06e135\" data-element_type=\"widget\" data-e-type=\"widget\" data-widget_type=\"e_image_hover_effects.default\">\n\t\t\t\t<div class=\"elementor-widget-container\">\n\t\t\t\t\t\t\t\t<a href=\"https:\/\/laetitiagrun.art\/?page_id=3365\">\n\t\t\t\t\t<div class=\"eihe-box eihe-fade-in-up eihe_center\">\n\t\t\t\t<img decoding=\"async\" width=\"800\" height=\"600\" src=\"https:\/\/laetitiagrun.art\/wp-content\/uploads\/automne-800x600.jpeg\" class=\"attachment-sketch-landscape size-sketch-landscape wp-image-3303\" alt=\"\" \/>\t\t\t\t<div class=\"eihe-caption\">\n\t\t\t\t\t<div class=\"eihe-title-cover\">\n\t\t\t\t\t\t\t\t\t\t\t\t<p class=\"eihe-title\">Les quatre saisons<\/p>\n\t\t\t\t\t\t\t\t\t\t\t<\/div>\n\t\t\t\t\t<p><\/p>\n\t\t\t\t<\/div>\n\t\t\t<\/div>\n\t\t\t\t\t<\/a>\n\t\t\t\t\t\t<\/div>\n\t\t\t\t<\/div>\n\t\t\t\t\t<\/div>\n\t\t<\/div>\n\t\t\t\t\t<\/div>\n\t\t<\/section>\n\t\t\t\t<section class=\"elementor-section elementor-top-section elementor-element elementor-element-61616df elementor-section-boxed elementor-section-height-default elementor-section-height-default\" data-id=\"61616df\" data-element_type=\"section\" data-e-type=\"section\">\n\t\t\t\t\t\t<div class=\"elementor-container elementor-column-gap-default\">\n\t\t\t\t\t<div class=\"elementor-column elementor-col-33 elementor-top-column elementor-element elementor-element-ea11700\" data-id=\"ea11700\" data-element_type=\"column\" data-e-type=\"column\">\n\t\t\t<div class=\"elementor-widget-wrap elementor-element-populated\">\n\t\t\t\t\t\t<div class=\"elementor-element elementor-element-8c474cb elementor-widget elementor-widget-e_image_hover_effects\" data-id=\"8c474cb\" data-element_type=\"widget\" data-e-type=\"widget\" data-widget_type=\"e_image_hover_effects.default\">\n\t\t\t\t<div class=\"elementor-widget-container\">\n\t\t\t\t\t\t\t\t<a href=\"https:\/\/laetitiagrun.art\/?page_id=2788\">\n\t\t\t\t\t<div class=\"eihe-box eihe-fade-in-up eihe_\">\n\t\t\t\t<img loading=\"lazy\" decoding=\"async\" width=\"800\" height=\"600\" src=\"https:\/\/laetitiagrun.art\/wp-content\/uploads\/images-de-la-nuit6-e1713789921337-800x600.jpg\" class=\"attachment-sketch-landscape size-sketch-landscape wp-image-2776\" alt=\"encre bleue sur papier calque\" \/>\t\t\t\t<div class=\"eihe-caption\">\n\t\t\t\t\t<div class=\"eihe-title-cover\">\n\t\t\t\t\t\t\t\t\t\t\t\t<p class=\"eihe-title\">Les images de la nuit<\/p>\n\t\t\t\t\t\t\t\t\t\t\t<\/div>\n\t\t\t\t\t<p><\/p>\n\t\t\t\t<\/div>\n\t\t\t<\/div>\n\t\t\t\t\t<\/a>\n\t\t\t\t\t\t<\/div>\n\t\t\t\t<\/div>\n\t\t\t\t\t<\/div>\n\t\t<\/div>\n\t\t\t\t<div class=\"elementor-column elementor-col-33 elementor-top-column elementor-element elementor-element-380a9fc\" data-id=\"380a9fc\" data-element_type=\"column\" data-e-type=\"column\">\n\t\t\t<div class=\"elementor-widget-wrap elementor-element-populated\">\n\t\t\t\t\t\t<div class=\"elementor-element elementor-element-2f01316 elementor-widget elementor-widget-e_image_hover_effects\" data-id=\"2f01316\" data-element_type=\"widget\" data-e-type=\"widget\" data-widget_type=\"e_image_hover_effects.default\">\n\t\t\t\t<div class=\"elementor-widget-container\">\n\t\t\t\t\t\t\t\t<a href=\"https:\/\/laetitiagrun.art\/?page_id=3047\">\n\t\t\t\t\t<div class=\"eihe-box eihe-fade-in-up eihe_center\">\n\t\t\t\t<img loading=\"lazy\" decoding=\"async\" width=\"800\" height=\"600\" src=\"https:\/\/laetitiagrun.art\/wp-content\/uploads\/tapis-feuilles20-800x600.jpg\" class=\"attachment-sketch-landscape size-sketch-landscape wp-image-2775\" alt=\"Feuilles d&#039;arbres dessin\u00e9es au stylo \u00e0 bille\" \/>\t\t\t\t<div class=\"eihe-caption\">\n\t\t\t\t\t<div class=\"eihe-title-cover\">\n\t\t\t\t\t\t\t\t\t\t\t\t<p class=\"eihe-title\">Tapis de feuilles<\/p>\n\t\t\t\t\t\t\t\t\t\t\t<\/div>\n\t\t\t\t\t<p><\/p>\n\t\t\t\t<\/div>\n\t\t\t<\/div>\n\t\t\t\t\t<\/a>\n\t\t\t\t\t\t<\/div>\n\t\t\t\t<\/div>\n\t\t\t\t\t<\/div>\n\t\t<\/div>\n\t\t\t\t<div class=\"elementor-column elementor-col-33 elementor-top-column elementor-element elementor-element-8710843\" data-id=\"8710843\" data-element_type=\"column\" data-e-type=\"column\">\n\t\t\t<div class=\"elementor-widget-wrap elementor-element-populated\">\n\t\t\t\t\t\t<div class=\"elementor-element elementor-element-4756d54 elementor-widget elementor-widget-e_image_hover_effects\" data-id=\"4756d54\" data-element_type=\"widget\" data-e-type=\"widget\" data-widget_type=\"e_image_hover_effects.default\">\n\t\t\t\t<div class=\"elementor-widget-container\">\n\t\t\t\t\t\t\t\t<a href=\"https:\/\/laetitiagrun.art\/?page_id=2940\">\n\t\t\t\t\t<div class=\"eihe-box eihe-fade-in-up eihe_center\">\n\t\t\t\t<img loading=\"lazy\" decoding=\"async\" width=\"800\" height=\"600\" src=\"https:\/\/laetitiagrun.art\/wp-content\/uploads\/chardonneret-bleu12-800x600.jpg\" class=\"attachment-sketch-landscape size-sketch-landscape wp-image-2774\" alt=\"chardonneret \u00e9l\u00e9gant\" \/>\t\t\t\t<div class=\"eihe-caption\">\n\t\t\t\t\t<div class=\"eihe-title-cover\">\n\t\t\t\t\t\t\t\t\t\t\t\t<p class=\"eihe-title\">Roger-P\u00e9p\u00e8re Blue<\/p>\n\t\t\t\t\t\t\t\t\t\t\t<\/div>\n\t\t\t\t\t<p><\/p>\n\t\t\t\t<\/div>\n\t\t\t<\/div>\n\t\t\t\t\t<\/a>\n\t\t\t\t\t\t<\/div>\n\t\t\t\t<\/div>\n\t\t\t\t\t<\/div>\n\t\t<\/div>\n\t\t\t\t\t<\/div>\n\t\t<\/section>\n\t\t\t\t<section class=\"elementor-section elementor-top-section elementor-element elementor-element-e54d85e elementor-section-boxed elementor-section-height-default elementor-section-height-default\" data-id=\"e54d85e\" data-element_type=\"section\" data-e-type=\"section\">\n\t\t\t\t\t\t<div class=\"elementor-container elementor-column-gap-default\">\n\t\t\t\t\t<div class=\"elementor-column elementor-col-33 elementor-top-column elementor-element elementor-element-bb3f689\" data-id=\"bb3f689\" data-element_type=\"column\" data-e-type=\"column\">\n\t\t\t<div class=\"elementor-widget-wrap elementor-element-populated\">\n\t\t\t\t\t\t<div class=\"elementor-element elementor-element-6934491 elementor-widget elementor-widget-e_image_hover_effects\" data-id=\"6934491\" data-element_type=\"widget\" data-e-type=\"widget\" data-widget_type=\"e_image_hover_effects.default\">\n\t\t\t\t<div class=\"elementor-widget-container\">\n\t\t\t\t\t\t\t\t<a href=\"https:\/\/laetitiagrun.art\/?page_id=3113\">\n\t\t\t\t\t<div class=\"eihe-box eihe-fade-in-up eihe_center\">\n\t\t\t\t<img loading=\"lazy\" decoding=\"async\" width=\"800\" height=\"600\" src=\"https:\/\/laetitiagrun.art\/wp-content\/uploads\/a-travers12-800x600.jpg\" class=\"attachment-sketch-landscape size-sketch-landscape wp-image-2773\" alt=\"technique mixte, dessin au stylo et papiers d\u00e9coup\u00e9s\" \/>\t\t\t\t<div class=\"eihe-caption\">\n\t\t\t\t\t<div class=\"eihe-title-cover\">\n\t\t\t\t\t\t\t\t\t\t\t\t<p class=\"eihe-title\">\u00c0 TRAVERS<\/p>\n\t\t\t\t\t\t\t\t\t\t\t<\/div>\n\t\t\t\t\t<p><\/p>\n\t\t\t\t<\/div>\n\t\t\t<\/div>\n\t\t\t\t\t<\/a>\n\t\t\t\t\t\t<\/div>\n\t\t\t\t<\/div>\n\t\t\t\t\t<\/div>\n\t\t<\/div>\n\t\t\t\t<div class=\"elementor-column elementor-col-33 elementor-top-column elementor-element elementor-element-5248b01\" data-id=\"5248b01\" data-element_type=\"column\" data-e-type=\"column\">\n\t\t\t<div class=\"elementor-widget-wrap elementor-element-populated\">\n\t\t\t\t\t\t<div class=\"elementor-element elementor-element-12be0f8 elementor-widget elementor-widget-e_image_hover_effects\" data-id=\"12be0f8\" data-element_type=\"widget\" data-e-type=\"widget\" data-widget_type=\"e_image_hover_effects.default\">\n\t\t\t\t<div class=\"elementor-widget-container\">\n\t\t\t\t\t\t\t\t<a href=\"https:\/\/laetitiagrun.art\/?page_id=3137\">\n\t\t\t\t\t<div class=\"eihe-box eihe-fade-in-up eihe_center\">\n\t\t\t\t<img loading=\"lazy\" decoding=\"async\" width=\"800\" height=\"600\" src=\"https:\/\/laetitiagrun.art\/wp-content\/uploads\/sous-les-feuilles-1-800x600.jpg\" class=\"attachment-sketch-landscape size-sketch-landscape wp-image-3164\" alt=\"dessin stylo \u00e0 bille bleu sur papier ancien\" \/>\t\t\t\t<div class=\"eihe-caption\">\n\t\t\t\t\t<div class=\"eihe-title-cover\">\n\t\t\t\t\t\t\t\t\t\t\t\t<p class=\"eihe-title\">Sous les feuilles<\/p>\n\t\t\t\t\t\t\t\t\t\t\t<\/div>\n\t\t\t\t\t<p><\/p>\n\t\t\t\t<\/div>\n\t\t\t<\/div>\n\t\t\t\t\t<\/a>\n\t\t\t\t\t\t<\/div>\n\t\t\t\t<\/div>\n\t\t\t\t\t<\/div>\n\t\t<\/div>\n\t\t\t\t<div class=\"elementor-column elementor-col-33 elementor-top-column elementor-element elementor-element-fa4f14a\" data-id=\"fa4f14a\" data-element_type=\"column\" data-e-type=\"column\">\n\t\t\t<div class=\"elementor-widget-wrap elementor-element-populated\">\n\t\t\t\t\t\t<div class=\"elementor-element elementor-element-2522cb8 elementor-widget elementor-widget-e_image_hover_effects\" data-id=\"2522cb8\" data-element_type=\"widget\" data-e-type=\"widget\" data-widget_type=\"e_image_hover_effects.default\">\n\t\t\t\t<div class=\"elementor-widget-container\">\n\t\t\t\t\t\t\t\t<a href=\"https:\/\/laetitiagrun.art\/?page_id=3278\">\n\t\t\t\t\t<div class=\"eihe-box eihe-fade-in-up eihe_center\">\n\t\t\t\t<img loading=\"lazy\" decoding=\"async\" width=\"800\" height=\"600\" src=\"https:\/\/laetitiagrun.art\/wp-content\/uploads\/incidences-mnemosyne2-800x600.jpg\" class=\"attachment-sketch-landscape size-sketch-landscape wp-image-2771\" alt=\"Amphore dessin\u00e9e au stylo \u00e0 bille bleu sur papier ancien\" \/>\t\t\t\t<div class=\"eihe-caption\">\n\t\t\t\t\t<div class=\"eihe-title-cover\">\n\t\t\t\t\t\t\t\t\t\t\t\t<p class=\"eihe-title\">Amphores &amp; m\u00e9taphores<\/p>\n\t\t\t\t\t\t\t\t\t\t\t<\/div>\n\t\t\t\t\t<p><\/p>\n\t\t\t\t<\/div>\n\t\t\t<\/div>\n\t\t\t\t\t<\/a>\n\t\t\t\t\t\t<\/div>\n\t\t\t\t<\/div>\n\t\t\t\t\t<\/div>\n\t\t<\/div>\n\t\t\t\t\t<\/div>\n\t\t<\/section>\n\t\t\t\t<\/div>\n\t\t","protected":false},"excerpt":{"rendered":"<p>Cliquez sur les images pour d\u00e9rouler la s\u00e9rie\u261f Voiliers Les floraisons Les quatre saisons Les images de la nuit Tapis de feuilles Roger-P\u00e9p\u00e8re Blue \u00c0 TRAVERS Sous les feuilles Amphores &amp; m\u00e9taphores<\/p>\n","protected":false},"author":1,"featured_media":0,"parent":0,"menu_order":0,"comment_status":"closed","ping_status":"closed","template":"","meta":{"footnotes":""},"folder":[],"class_list":["post-2758","page","type-page","status-publish","hentry"],"yoast_head":"<!-- This site is optimized with the Yoast SEO plugin v27.3 - https:\/\/yoast.com\/product\/yoast-seo-wordpress\/ -->\n<title>Dessins &#8226; la\u00ebtitia gr\u00fcn.art<\/title>\n<meta name=\"robots\" content=\"index, follow, max-snippet:-1, max-image-preview:large, max-video-preview:-1\" \/>\n<link rel=\"canonical\" href=\"https:\/\/laetitiagrun.art\/?page_id=2758\" \/>\n<meta property=\"og:locale\" content=\"fr_FR\" \/>\n<meta property=\"og:type\" content=\"article\" \/>\n<meta property=\"og:title\" content=\"Dessins &#8226; la\u00ebtitia gr\u00fcn.art\" \/>\n<meta property=\"og:description\" content=\"Cliquez sur les images pour d\u00e9rouler la s\u00e9rie\u261f Voiliers Les floraisons Les quatre saisons Les images de la nuit Tapis de feuilles Roger-P\u00e9p\u00e8re Blue \u00c0 TRAVERS Sous les feuilles Amphores &amp; m\u00e9taphores\" \/>\n<meta property=\"og:url\" content=\"https:\/\/laetitiagrun.art\/?page_id=2758\" \/>\n<meta property=\"og:site_name\" content=\"la\u00ebtitia gr\u00fcn.art\" \/>\n<meta property=\"article:modified_time\" content=\"2025-04-07T20:02:46+00:00\" \/>\n<meta property=\"og:image\" content=\"https:\/\/laetitiagrun.art\/wp-content\/uploads\/voilier3-scaled.jpg\" \/>\n\t<meta property=\"og:image:width\" content=\"1561\" \/>\n\t<meta property=\"og:image:height\" content=\"2560\" \/>\n\t<meta property=\"og:image:type\" content=\"image\/jpeg\" \/>\n<meta name=\"twitter:card\" content=\"summary_large_image\" \/>\n<meta name=\"twitter:label1\" content=\"Dur\u00e9e de lecture estim\u00e9e\" \/>\n\t<meta name=\"twitter:data1\" content=\"2 minutes\" \/>\n<script type=\"application\/ld+json\" class=\"yoast-schema-graph\">{\"@context\":\"https:\\\/\\\/schema.org\",\"@graph\":[{\"@type\":\"WebPage\",\"@id\":\"https:\\\/\\\/laetitiagrun.art\\\/?page_id=2758\",\"url\":\"https:\\\/\\\/laetitiagrun.art\\\/?page_id=2758\",\"name\":\"Dessins &#8226; la\u00ebtitia gr\u00fcn.art\",\"isPartOf\":{\"@id\":\"https:\\\/\\\/laetitiagrun.art\\\/#website\"},\"primaryImageOfPage\":{\"@id\":\"https:\\\/\\\/laetitiagrun.art\\\/?page_id=2758#primaryimage\"},\"image\":{\"@id\":\"https:\\\/\\\/laetitiagrun.art\\\/?page_id=2758#primaryimage\"},\"thumbnailUrl\":\"https:\\\/\\\/laetitiagrun.art\\\/wp-content\\\/uploads\\\/voilier3-800x600.jpg\",\"datePublished\":\"2024-04-18T09:38:59+00:00\",\"dateModified\":\"2025-04-07T20:02:46+00:00\",\"breadcrumb\":{\"@id\":\"https:\\\/\\\/laetitiagrun.art\\\/?page_id=2758#breadcrumb\"},\"inLanguage\":\"fr-FR\",\"potentialAction\":[{\"@type\":\"ReadAction\",\"target\":[\"https:\\\/\\\/laetitiagrun.art\\\/?page_id=2758\"]}]},{\"@type\":\"ImageObject\",\"inLanguage\":\"fr-FR\",\"@id\":\"https:\\\/\\\/laetitiagrun.art\\\/?page_id=2758#primaryimage\",\"url\":\"https:\\\/\\\/laetitiagrun.art\\\/wp-content\\\/uploads\\\/voilier3-scaled.jpg\",\"contentUrl\":\"https:\\\/\\\/laetitiagrun.art\\\/wp-content\\\/uploads\\\/voilier3-scaled.jpg\",\"width\":1561,\"height\":2560},{\"@type\":\"BreadcrumbList\",\"@id\":\"https:\\\/\\\/laetitiagrun.art\\\/?page_id=2758#breadcrumb\",\"itemListElement\":[{\"@type\":\"ListItem\",\"position\":1,\"name\":\"Accueil\",\"item\":\"https:\\\/\\\/laetitiagrun.art\\\/\"},{\"@type\":\"ListItem\",\"position\":2,\"name\":\"Dessins\"}]},{\"@type\":\"WebSite\",\"@id\":\"https:\\\/\\\/laetitiagrun.art\\\/#website\",\"url\":\"https:\\\/\\\/laetitiagrun.art\\\/\",\"name\":\"la\u00ebtitiagr\u00fcn.art\",\"description\":\"\",\"publisher\":{\"@id\":\"https:\\\/\\\/laetitiagrun.art\\\/#organization\"},\"potentialAction\":[{\"@type\":\"SearchAction\",\"target\":{\"@type\":\"EntryPoint\",\"urlTemplate\":\"https:\\\/\\\/laetitiagrun.art\\\/?s={search_term_string}\"},\"query-input\":{\"@type\":\"PropertyValueSpecification\",\"valueRequired\":true,\"valueName\":\"search_term_string\"}}],\"inLanguage\":\"fr-FR\"},{\"@type\":\"Organization\",\"@id\":\"https:\\\/\\\/laetitiagrun.art\\\/#organization\",\"name\":\"La\u00ebtitia Gr\u00fcn\",\"url\":\"https:\\\/\\\/laetitiagrun.art\\\/\",\"logo\":{\"@type\":\"ImageObject\",\"inLanguage\":\"fr-FR\",\"@id\":\"https:\\\/\\\/laetitiagrun.art\\\/#\\\/schema\\\/logo\\\/image\\\/\",\"url\":\"https:\\\/\\\/laetitiagrun.art\\\/wp-content\\\/uploads\\\/2019\\\/11\\\/cropped-lae-4.png\",\"contentUrl\":\"https:\\\/\\\/laetitiagrun.art\\\/wp-content\\\/uploads\\\/2019\\\/11\\\/cropped-lae-4.png\",\"width\":512,\"height\":512,\"caption\":\"La\u00ebtitia Gr\u00fcn\"},\"image\":{\"@id\":\"https:\\\/\\\/laetitiagrun.art\\\/#\\\/schema\\\/logo\\\/image\\\/\"},\"sameAs\":[\"https:\\\/\\\/www.instagram.com\\\/laetitia.grun\\\/?hl=fr\"]}]}<\/script>\n<!-- \/ Yoast SEO plugin. -->","yoast_head_json":{"title":"Dessins &#8226; la\u00ebtitia gr\u00fcn.art","robots":{"index":"index","follow":"follow","max-snippet":"max-snippet:-1","max-image-preview":"max-image-preview:large","max-video-preview":"max-video-preview:-1"},"canonical":"https:\/\/laetitiagrun.art\/?page_id=2758","og_locale":"fr_FR","og_type":"article","og_title":"Dessins &#8226; la\u00ebtitia gr\u00fcn.art","og_description":"Cliquez sur les images pour d\u00e9rouler la s\u00e9rie\u261f Voiliers Les floraisons Les quatre saisons Les images de la nuit Tapis de feuilles Roger-P\u00e9p\u00e8re Blue \u00c0 TRAVERS Sous les feuilles Amphores &amp; m\u00e9taphores","og_url":"https:\/\/laetitiagrun.art\/?page_id=2758","og_site_name":"la\u00ebtitia gr\u00fcn.art","article_modified_time":"2025-04-07T20:02:46+00:00","og_image":[{"width":1561,"height":2560,"url":"https:\/\/laetitiagrun.art\/wp-content\/uploads\/voilier3-scaled.jpg","type":"image\/jpeg"}],"twitter_card":"summary_large_image","twitter_misc":{"Dur\u00e9e de lecture estim\u00e9e":"2 minutes"},"schema":{"@context":"https:\/\/schema.org","@graph":[{"@type":"WebPage","@id":"https:\/\/laetitiagrun.art\/?page_id=2758","url":"https:\/\/laetitiagrun.art\/?page_id=2758","name":"Dessins &#8226; la\u00ebtitia gr\u00fcn.art","isPartOf":{"@id":"https:\/\/laetitiagrun.art\/#website"},"primaryImageOfPage":{"@id":"https:\/\/laetitiagrun.art\/?page_id=2758#primaryimage"},"image":{"@id":"https:\/\/laetitiagrun.art\/?page_id=2758#primaryimage"},"thumbnailUrl":"https:\/\/laetitiagrun.art\/wp-content\/uploads\/voilier3-800x600.jpg","datePublished":"2024-04-18T09:38:59+00:00","dateModified":"2025-04-07T20:02:46+00:00","breadcrumb":{"@id":"https:\/\/laetitiagrun.art\/?page_id=2758#breadcrumb"},"inLanguage":"fr-FR","potentialAction":[{"@type":"ReadAction","target":["https:\/\/laetitiagrun.art\/?page_id=2758"]}]},{"@type":"ImageObject","inLanguage":"fr-FR","@id":"https:\/\/laetitiagrun.art\/?page_id=2758#primaryimage","url":"https:\/\/laetitiagrun.art\/wp-content\/uploads\/voilier3-scaled.jpg","contentUrl":"https:\/\/laetitiagrun.art\/wp-content\/uploads\/voilier3-scaled.jpg","width":1561,"height":2560},{"@type":"BreadcrumbList","@id":"https:\/\/laetitiagrun.art\/?page_id=2758#breadcrumb","itemListElement":[{"@type":"ListItem","position":1,"name":"Accueil","item":"https:\/\/laetitiagrun.art\/"},{"@type":"ListItem","position":2,"name":"Dessins"}]},{"@type":"WebSite","@id":"https:\/\/laetitiagrun.art\/#website","url":"https:\/\/laetitiagrun.art\/","name":"la\u00ebtitiagr\u00fcn.art","description":"","publisher":{"@id":"https:\/\/laetitiagrun.art\/#organization"},"potentialAction":[{"@type":"SearchAction","target":{"@type":"EntryPoint","urlTemplate":"https:\/\/laetitiagrun.art\/?s={search_term_string}"},"query-input":{"@type":"PropertyValueSpecification","valueRequired":true,"valueName":"search_term_string"}}],"inLanguage":"fr-FR"},{"@type":"Organization","@id":"https:\/\/laetitiagrun.art\/#organization","name":"La\u00ebtitia Gr\u00fcn","url":"https:\/\/laetitiagrun.art\/","logo":{"@type":"ImageObject","inLanguage":"fr-FR","@id":"https:\/\/laetitiagrun.art\/#\/schema\/logo\/image\/","url":"https:\/\/laetitiagrun.art\/wp-content\/uploads\/2019\/11\/cropped-lae-4.png","contentUrl":"https:\/\/laetitiagrun.art\/wp-content\/uploads\/2019\/11\/cropped-lae-4.png","width":512,"height":512,"caption":"La\u00ebtitia Gr\u00fcn"},"image":{"@id":"https:\/\/laetitiagrun.art\/#\/schema\/logo\/image\/"},"sameAs":["https:\/\/www.instagram.com\/laetitia.grun\/?hl=fr"]}]}},"_links":{"self":[{"href":"https:\/\/laetitiagrun.art\/index.php?rest_route=\/wp\/v2\/pages\/2758","targetHints":{"allow":["GET"]}}],"collection":[{"href":"https:\/\/laetitiagrun.art\/index.php?rest_route=\/wp\/v2\/pages"}],"about":[{"href":"https:\/\/laetitiagrun.art\/index.php?rest_route=\/wp\/v2\/types\/page"}],"author":[{"embeddable":true,"href":"https:\/\/laetitiagrun.art\/index.php?rest_route=\/wp\/v2\/users\/1"}],"replies":[{"embeddable":true,"href":"https:\/\/laetitiagrun.art\/index.php?rest_route=%2Fwp%2Fv2%2Fcomments&post=2758"}],"version-history":[{"count":54,"href":"https:\/\/laetitiagrun.art\/index.php?rest_route=\/wp\/v2\/pages\/2758\/revisions"}],"predecessor-version":[{"id":3400,"href":"https:\/\/laetitiagrun.art\/index.php?rest_route=\/wp\/v2\/pages\/2758\/revisions\/3400"}],"wp:attachment":[{"href":"https:\/\/laetitiagrun.art\/index.php?rest_route=%2Fwp%2Fv2%2Fmedia&parent=2758"}],"wp:term":[{"taxonomy":"folder","embeddable":true,"href":"https:\/\/laetitiagrun.art\/index.php?rest_route=%2Fwp%2Fv2%2Ffolder&post=2758"}],"curies":[{"name":"wp","href":"https:\/\/api.w.org\/{rel}","templated":true}]}}