{"id":1246,"date":"2020-03-05T13:13:03","date_gmt":"2020-03-05T12:13:03","guid":{"rendered":"https:\/\/laetitiagrun.art\/?page_id=1246"},"modified":"2024-04-25T15:26:41","modified_gmt":"2024-04-25T13:26:41","slug":"b-i-o-g-r-a-p-h-i-e","status":"publish","type":"page","link":"https:\/\/laetitiagrun.art\/?page_id=1246","title":{"rendered":"BIOGRAPHIE"},"content":{"rendered":"\t\t<div data-elementor-type=\"wp-page\" data-elementor-id=\"1246\" class=\"elementor elementor-1246\">\n\t\t\t\t\t\t<section class=\"elementor-section elementor-top-section elementor-element elementor-element-a309fc8 elementor-section-boxed elementor-section-height-default elementor-section-height-default\" data-id=\"a309fc8\" data-element_type=\"section\" data-e-type=\"section\">\n\t\t\t\t\t\t<div class=\"elementor-container elementor-column-gap-default\">\n\t\t\t\t\t<div class=\"elementor-column elementor-col-100 elementor-top-column elementor-element elementor-element-c5bae91\" data-id=\"c5bae91\" data-element_type=\"column\" data-e-type=\"column\">\n\t\t\t<div class=\"elementor-widget-wrap elementor-element-populated\">\n\t\t\t\t\t\t<div class=\"elementor-element elementor-element-969901e elementor-widget elementor-widget-spacer\" data-id=\"969901e\" data-element_type=\"widget\" data-e-type=\"widget\" data-widget_type=\"spacer.default\">\n\t\t\t\t<div class=\"elementor-widget-container\">\n\t\t\t\t\t\t\t<div class=\"elementor-spacer\">\n\t\t\t<div class=\"elementor-spacer-inner\"><\/div>\n\t\t<\/div>\n\t\t\t\t\t\t<\/div>\n\t\t\t\t<\/div>\n\t\t\t\t\t<\/div>\n\t\t<\/div>\n\t\t\t\t\t<\/div>\n\t\t<\/section>\n\t\t\t\t<section class=\"elementor-section elementor-top-section elementor-element elementor-element-4871524 elementor-section-boxed elementor-section-height-default elementor-section-height-default\" data-id=\"4871524\" data-element_type=\"section\" data-e-type=\"section\">\n\t\t\t\t\t\t<div class=\"elementor-container elementor-column-gap-default\">\n\t\t\t\t\t<div class=\"elementor-column elementor-col-50 elementor-top-column elementor-element elementor-element-779fd1c\" data-id=\"779fd1c\" data-element_type=\"column\" data-e-type=\"column\">\n\t\t\t<div class=\"elementor-widget-wrap elementor-element-populated\">\n\t\t\t\t\t\t<div class=\"elementor-element elementor-element-3dee144 elementor-drop-cap-yes elementor-drop-cap-view-default elementor-widget elementor-widget-text-editor\" data-id=\"3dee144\" data-element_type=\"widget\" data-e-type=\"widget\" data-settings=\"{&quot;drop_cap&quot;:&quot;yes&quot;}\" data-widget_type=\"text-editor.default\">\n\t\t\t\t<div class=\"elementor-widget-container\">\n\t\t\t\t\t\t\t\t\t<p><span style=\"font-size: 14px; letter-spacing: 1.5px;\">La\u00ebtitia Gr\u00fcn n\u00e9e en 1989 \u00e0 Nancy vit et travaille dans le sud de la France.<\/span><br><\/p>\n<p><span class=\"s1\" style=\"letter-spacing: 1.5px;\">Apr\u00e8s avoir obtenu en 2013 son DNSEP \u00e0 l\u2019\u00c9cole des Beaux Arts de Grenoble, La\u00ebtitia quitte les Alpes pour la c\u00f4te Atlantique. Elle s\u2019installe pr\u00e8s de Bordeaux o\u00f9 elle se consacre \u00e0 sa pratique du dessin et m\u00e8ne en parall\u00e8le des ateliers \u00e0 destination des scolaires. En 2018, le dispositif <i>Cr\u00e9ation en cours<\/i>, promu par les Ateliers M\u00e9dicis l\u2019am\u00e8ne \u00e0 r\u00e9aliser son projet&nbsp;<i>Po\u00e9sie &amp; Cartographie des d\u00e9tails ordinaires<\/i> avec l\u2019\u00e9cole de Lagrasse.<i>&nbsp;<\/i>Tomb\u00e9e sous le charme de la r\u00e9gion occitane La\u00ebtitia s\u2019y \u00e9tablie. Attach\u00e9e \u00e0 la diffusion de l\u2019art dans les zones \u00e9loign\u00e9es de l\u2019offre culturelle, l\u2019artiste sillonne le territoire de la plaine de l\u2019Aude aux Pyr\u00e9n\u00e9es Orientales et propose ateliers et expositions itin\u00e9rantes. Depuis 2023, son travail de dessin est visible \u00e0 la Galerie Tralala, \u00e0 Perpignan.<span class=\"Apple-converted-space\">&nbsp;<\/span><\/span><\/p>\t\t\t\t\t\t\t\t<\/div>\n\t\t\t\t<\/div>\n\t\t\t\t\t<\/div>\n\t\t<\/div>\n\t\t\t\t<div class=\"elementor-column elementor-col-25 elementor-top-column elementor-element elementor-element-640296b\" data-id=\"640296b\" data-element_type=\"column\" data-e-type=\"column\">\n\t\t\t<div class=\"elementor-widget-wrap elementor-element-populated\">\n\t\t\t\t\t\t<div class=\"elementor-element elementor-element-fe0c4d7 elementor-widget elementor-widget-image\" data-id=\"fe0c4d7\" data-element_type=\"widget\" data-e-type=\"widget\" data-widget_type=\"image.default\">\n\t\t\t\t<div class=\"elementor-widget-container\">\n\t\t\t\t\t\t\t\t\t\t\t\t\t\t\t<img fetchpriority=\"high\" decoding=\"async\" width=\"800\" height=\"600\" src=\"https:\/\/laetitiagrun.art\/wp-content\/uploads\/9EB0C35F-AAE7-43E7-9BED-1FD5D6FAFA04_1_201_a-800x600.jpeg\" class=\"attachment-sketch-landscape size-sketch-landscape wp-image-2701\" alt=\"\" \/>\t\t\t\t\t\t\t\t\t\t\t\t\t\t\t<\/div>\n\t\t\t\t<\/div>\n\t\t\t\t\t<\/div>\n\t\t<\/div>\n\t\t\t\t<div class=\"elementor-column elementor-col-25 elementor-top-column elementor-element elementor-element-7d77ced\" data-id=\"7d77ced\" data-element_type=\"column\" data-e-type=\"column\">\n\t\t\t<div class=\"elementor-widget-wrap elementor-element-populated\">\n\t\t\t\t\t\t<div class=\"elementor-element elementor-element-2a79fd3 elementor-widget elementor-widget-image\" data-id=\"2a79fd3\" data-element_type=\"widget\" data-e-type=\"widget\" data-widget_type=\"image.default\">\n\t\t\t\t<div class=\"elementor-widget-container\">\n\t\t\t\t\t\t\t\t\t\t\t\t\t\t\t<img decoding=\"async\" src=\"https:\/\/laetitiagrun.art\/wp-content\/uploads\/2019\/11\/lae.png\" title=\"\" alt=\"\" loading=\"lazy\" \/>\t\t\t\t\t\t\t\t\t\t\t\t\t\t\t<\/div>\n\t\t\t\t<\/div>\n\t\t\t\t\t<\/div>\n\t\t<\/div>\n\t\t\t\t\t<\/div>\n\t\t<\/section>\n\t\t\t\t<\/div>\n\t\t","protected":false},"excerpt":{"rendered":"<p>La\u00ebtitia Gr\u00fcn n\u00e9e en 1989 \u00e0 Nancy vit et travaille dans le sud de la France. Apr\u00e8s avoir obtenu en 2013 son DNSEP \u00e0 l\u2019\u00c9cole des Beaux Arts de Grenoble, La\u00ebtitia quitte les Alpes pour la c\u00f4te Atlantique. Elle s\u2019installe pr\u00e8s de Bordeaux o\u00f9 elle se consacre \u00e0 sa pratique du dessin et m\u00e8ne en [&hellip;]<\/p>\n","protected":false},"author":1,"featured_media":0,"parent":0,"menu_order":0,"comment_status":"closed","ping_status":"closed","template":"","meta":{"footnotes":""},"folder":[],"class_list":["post-1246","page","type-page","status-publish","hentry"],"yoast_head":"<!-- This site is optimized with the Yoast SEO plugin v27.4 - https:\/\/yoast.com\/product\/yoast-seo-wordpress\/ -->\n<title>BIOGRAPHIE &#8226; la\u00ebtitia gr\u00fcn.art<\/title>\n<meta name=\"robots\" content=\"index, follow, max-snippet:-1, max-image-preview:large, max-video-preview:-1\" \/>\n<link rel=\"canonical\" href=\"https:\/\/laetitiagrun.art\/?page_id=1246\" \/>\n<meta property=\"og:locale\" content=\"fr_FR\" \/>\n<meta property=\"og:type\" content=\"article\" \/>\n<meta property=\"og:title\" content=\"BIOGRAPHIE &#8226; la\u00ebtitia gr\u00fcn.art\" \/>\n<meta property=\"og:description\" content=\"La\u00ebtitia Gr\u00fcn n\u00e9e en 1989 \u00e0 Nancy vit et travaille dans le sud de la France. Apr\u00e8s avoir obtenu en 2013 son DNSEP \u00e0 l\u2019\u00c9cole des Beaux Arts de Grenoble, La\u00ebtitia quitte les Alpes pour la c\u00f4te Atlantique. Elle s\u2019installe pr\u00e8s de Bordeaux o\u00f9 elle se consacre \u00e0 sa pratique du dessin et m\u00e8ne en [&hellip;]\" \/>\n<meta property=\"og:url\" content=\"https:\/\/laetitiagrun.art\/?page_id=1246\" \/>\n<meta property=\"og:site_name\" content=\"la\u00ebtitia gr\u00fcn.art\" \/>\n<meta property=\"article:modified_time\" content=\"2024-04-25T13:26:41+00:00\" \/>\n<meta property=\"og:image\" content=\"https:\/\/laetitiagrun.art\/wp-content\/uploads\/9EB0C35F-AAE7-43E7-9BED-1FD5D6FAFA04_1_201_a-800x600.jpeg\" \/>\n<meta name=\"twitter:card\" content=\"summary_large_image\" \/>\n<meta name=\"twitter:label1\" content=\"Dur\u00e9e de lecture estim\u00e9e\" \/>\n\t<meta name=\"twitter:data1\" content=\"2 minutes\" \/>\n<script type=\"application\/ld+json\" class=\"yoast-schema-graph\">{\"@context\":\"https:\\\/\\\/schema.org\",\"@graph\":[{\"@type\":\"WebPage\",\"@id\":\"https:\\\/\\\/laetitiagrun.art\\\/?page_id=1246\",\"url\":\"https:\\\/\\\/laetitiagrun.art\\\/?page_id=1246\",\"name\":\"BIOGRAPHIE &#8226; la\u00ebtitia gr\u00fcn.art\",\"isPartOf\":{\"@id\":\"https:\\\/\\\/laetitiagrun.art\\\/#website\"},\"primaryImageOfPage\":{\"@id\":\"https:\\\/\\\/laetitiagrun.art\\\/?page_id=1246#primaryimage\"},\"image\":{\"@id\":\"https:\\\/\\\/laetitiagrun.art\\\/?page_id=1246#primaryimage\"},\"thumbnailUrl\":\"https:\\\/\\\/laetitiagrun.art\\\/wp-content\\\/uploads\\\/9EB0C35F-AAE7-43E7-9BED-1FD5D6FAFA04_1_201_a-800x600.jpeg\",\"datePublished\":\"2020-03-05T12:13:03+00:00\",\"dateModified\":\"2024-04-25T13:26:41+00:00\",\"breadcrumb\":{\"@id\":\"https:\\\/\\\/laetitiagrun.art\\\/?page_id=1246#breadcrumb\"},\"inLanguage\":\"fr-FR\",\"potentialAction\":[{\"@type\":\"ReadAction\",\"target\":[\"https:\\\/\\\/laetitiagrun.art\\\/?page_id=1246\"]}]},{\"@type\":\"ImageObject\",\"inLanguage\":\"fr-FR\",\"@id\":\"https:\\\/\\\/laetitiagrun.art\\\/?page_id=1246#primaryimage\",\"url\":\"https:\\\/\\\/laetitiagrun.art\\\/wp-content\\\/uploads\\\/9EB0C35F-AAE7-43E7-9BED-1FD5D6FAFA04_1_201_a-scaled.jpeg\",\"contentUrl\":\"https:\\\/\\\/laetitiagrun.art\\\/wp-content\\\/uploads\\\/9EB0C35F-AAE7-43E7-9BED-1FD5D6FAFA04_1_201_a-scaled.jpeg\",\"width\":2560,\"height\":1707},{\"@type\":\"BreadcrumbList\",\"@id\":\"https:\\\/\\\/laetitiagrun.art\\\/?page_id=1246#breadcrumb\",\"itemListElement\":[{\"@type\":\"ListItem\",\"position\":1,\"name\":\"Accueil\",\"item\":\"https:\\\/\\\/laetitiagrun.art\\\/\"},{\"@type\":\"ListItem\",\"position\":2,\"name\":\"BIOGRAPHIE\"}]},{\"@type\":\"WebSite\",\"@id\":\"https:\\\/\\\/laetitiagrun.art\\\/#website\",\"url\":\"https:\\\/\\\/laetitiagrun.art\\\/\",\"name\":\"la\u00ebtitiagr\u00fcn.art\",\"description\":\"\",\"publisher\":{\"@id\":\"https:\\\/\\\/laetitiagrun.art\\\/#organization\"},\"potentialAction\":[{\"@type\":\"SearchAction\",\"target\":{\"@type\":\"EntryPoint\",\"urlTemplate\":\"https:\\\/\\\/laetitiagrun.art\\\/?s={search_term_string}\"},\"query-input\":{\"@type\":\"PropertyValueSpecification\",\"valueRequired\":true,\"valueName\":\"search_term_string\"}}],\"inLanguage\":\"fr-FR\"},{\"@type\":\"Organization\",\"@id\":\"https:\\\/\\\/laetitiagrun.art\\\/#organization\",\"name\":\"La\u00ebtitia Gr\u00fcn\",\"url\":\"https:\\\/\\\/laetitiagrun.art\\\/\",\"logo\":{\"@type\":\"ImageObject\",\"inLanguage\":\"fr-FR\",\"@id\":\"https:\\\/\\\/laetitiagrun.art\\\/#\\\/schema\\\/logo\\\/image\\\/\",\"url\":\"https:\\\/\\\/laetitiagrun.art\\\/wp-content\\\/uploads\\\/2019\\\/11\\\/cropped-lae-4.png\",\"contentUrl\":\"https:\\\/\\\/laetitiagrun.art\\\/wp-content\\\/uploads\\\/2019\\\/11\\\/cropped-lae-4.png\",\"width\":512,\"height\":512,\"caption\":\"La\u00ebtitia Gr\u00fcn\"},\"image\":{\"@id\":\"https:\\\/\\\/laetitiagrun.art\\\/#\\\/schema\\\/logo\\\/image\\\/\"},\"sameAs\":[\"https:\\\/\\\/www.instagram.com\\\/laetitia.grun\\\/?hl=fr\"]}]}<\/script>\n<!-- \/ Yoast SEO plugin. -->","yoast_head_json":{"title":"BIOGRAPHIE &#8226; la\u00ebtitia gr\u00fcn.art","robots":{"index":"index","follow":"follow","max-snippet":"max-snippet:-1","max-image-preview":"max-image-preview:large","max-video-preview":"max-video-preview:-1"},"canonical":"https:\/\/laetitiagrun.art\/?page_id=1246","og_locale":"fr_FR","og_type":"article","og_title":"BIOGRAPHIE &#8226; la\u00ebtitia gr\u00fcn.art","og_description":"La\u00ebtitia Gr\u00fcn n\u00e9e en 1989 \u00e0 Nancy vit et travaille dans le sud de la France. Apr\u00e8s avoir obtenu en 2013 son DNSEP \u00e0 l\u2019\u00c9cole des Beaux Arts de Grenoble, La\u00ebtitia quitte les Alpes pour la c\u00f4te Atlantique. Elle s\u2019installe pr\u00e8s de Bordeaux o\u00f9 elle se consacre \u00e0 sa pratique du dessin et m\u00e8ne en [&hellip;]","og_url":"https:\/\/laetitiagrun.art\/?page_id=1246","og_site_name":"la\u00ebtitia gr\u00fcn.art","article_modified_time":"2024-04-25T13:26:41+00:00","og_image":[{"url":"https:\/\/laetitiagrun.art\/wp-content\/uploads\/9EB0C35F-AAE7-43E7-9BED-1FD5D6FAFA04_1_201_a-800x600.jpeg","type":"","width":"","height":""}],"twitter_card":"summary_large_image","twitter_misc":{"Dur\u00e9e de lecture estim\u00e9e":"2 minutes"},"schema":{"@context":"https:\/\/schema.org","@graph":[{"@type":"WebPage","@id":"https:\/\/laetitiagrun.art\/?page_id=1246","url":"https:\/\/laetitiagrun.art\/?page_id=1246","name":"BIOGRAPHIE &#8226; la\u00ebtitia gr\u00fcn.art","isPartOf":{"@id":"https:\/\/laetitiagrun.art\/#website"},"primaryImageOfPage":{"@id":"https:\/\/laetitiagrun.art\/?page_id=1246#primaryimage"},"image":{"@id":"https:\/\/laetitiagrun.art\/?page_id=1246#primaryimage"},"thumbnailUrl":"https:\/\/laetitiagrun.art\/wp-content\/uploads\/9EB0C35F-AAE7-43E7-9BED-1FD5D6FAFA04_1_201_a-800x600.jpeg","datePublished":"2020-03-05T12:13:03+00:00","dateModified":"2024-04-25T13:26:41+00:00","breadcrumb":{"@id":"https:\/\/laetitiagrun.art\/?page_id=1246#breadcrumb"},"inLanguage":"fr-FR","potentialAction":[{"@type":"ReadAction","target":["https:\/\/laetitiagrun.art\/?page_id=1246"]}]},{"@type":"ImageObject","inLanguage":"fr-FR","@id":"https:\/\/laetitiagrun.art\/?page_id=1246#primaryimage","url":"https:\/\/laetitiagrun.art\/wp-content\/uploads\/9EB0C35F-AAE7-43E7-9BED-1FD5D6FAFA04_1_201_a-scaled.jpeg","contentUrl":"https:\/\/laetitiagrun.art\/wp-content\/uploads\/9EB0C35F-AAE7-43E7-9BED-1FD5D6FAFA04_1_201_a-scaled.jpeg","width":2560,"height":1707},{"@type":"BreadcrumbList","@id":"https:\/\/laetitiagrun.art\/?page_id=1246#breadcrumb","itemListElement":[{"@type":"ListItem","position":1,"name":"Accueil","item":"https:\/\/laetitiagrun.art\/"},{"@type":"ListItem","position":2,"name":"BIOGRAPHIE"}]},{"@type":"WebSite","@id":"https:\/\/laetitiagrun.art\/#website","url":"https:\/\/laetitiagrun.art\/","name":"la\u00ebtitiagr\u00fcn.art","description":"","publisher":{"@id":"https:\/\/laetitiagrun.art\/#organization"},"potentialAction":[{"@type":"SearchAction","target":{"@type":"EntryPoint","urlTemplate":"https:\/\/laetitiagrun.art\/?s={search_term_string}"},"query-input":{"@type":"PropertyValueSpecification","valueRequired":true,"valueName":"search_term_string"}}],"inLanguage":"fr-FR"},{"@type":"Organization","@id":"https:\/\/laetitiagrun.art\/#organization","name":"La\u00ebtitia Gr\u00fcn","url":"https:\/\/laetitiagrun.art\/","logo":{"@type":"ImageObject","inLanguage":"fr-FR","@id":"https:\/\/laetitiagrun.art\/#\/schema\/logo\/image\/","url":"https:\/\/laetitiagrun.art\/wp-content\/uploads\/2019\/11\/cropped-lae-4.png","contentUrl":"https:\/\/laetitiagrun.art\/wp-content\/uploads\/2019\/11\/cropped-lae-4.png","width":512,"height":512,"caption":"La\u00ebtitia Gr\u00fcn"},"image":{"@id":"https:\/\/laetitiagrun.art\/#\/schema\/logo\/image\/"},"sameAs":["https:\/\/www.instagram.com\/laetitia.grun\/?hl=fr"]}]}},"_links":{"self":[{"href":"https:\/\/laetitiagrun.art\/index.php?rest_route=\/wp\/v2\/pages\/1246","targetHints":{"allow":["GET"]}}],"collection":[{"href":"https:\/\/laetitiagrun.art\/index.php?rest_route=\/wp\/v2\/pages"}],"about":[{"href":"https:\/\/laetitiagrun.art\/index.php?rest_route=\/wp\/v2\/types\/page"}],"author":[{"embeddable":true,"href":"https:\/\/laetitiagrun.art\/index.php?rest_route=\/wp\/v2\/users\/1"}],"replies":[{"embeddable":true,"href":"https:\/\/laetitiagrun.art\/index.php?rest_route=%2Fwp%2Fv2%2Fcomments&post=1246"}],"version-history":[{"count":11,"href":"https:\/\/laetitiagrun.art\/index.php?rest_route=\/wp\/v2\/pages\/1246\/revisions"}],"predecessor-version":[{"id":3394,"href":"https:\/\/laetitiagrun.art\/index.php?rest_route=\/wp\/v2\/pages\/1246\/revisions\/3394"}],"wp:attachment":[{"href":"https:\/\/laetitiagrun.art\/index.php?rest_route=%2Fwp%2Fv2%2Fmedia&parent=1246"}],"wp:term":[{"taxonomy":"folder","embeddable":true,"href":"https:\/\/laetitiagrun.art\/index.php?rest_route=%2Fwp%2Fv2%2Ffolder&post=1246"}],"curies":[{"name":"wp","href":"https:\/\/api.w.org\/{rel}","templated":true}]}}