{"id":1232,"date":"2020-03-05T11:48:40","date_gmt":"2020-03-05T10:48:40","guid":{"rendered":"https:\/\/laetitiagrun.art\/?page_id=1232"},"modified":"2024-04-25T15:27:15","modified_gmt":"2024-04-25T13:27:15","slug":"d-e-m-a-r-c-h-e-a-r-t-i-s-t-i-q-u-e","status":"publish","type":"page","link":"https:\/\/laetitiagrun.art\/?page_id=1232","title":{"rendered":"D\u00c9MARCHE ARTISTIQUE"},"content":{"rendered":"\t\t<div data-elementor-type=\"wp-page\" data-elementor-id=\"1232\" class=\"elementor elementor-1232\">\n\t\t\t\t\t\t<section class=\"elementor-section elementor-top-section elementor-element elementor-element-44c868d elementor-section-boxed elementor-section-height-default elementor-section-height-default\" data-id=\"44c868d\" data-element_type=\"section\" data-e-type=\"section\">\n\t\t\t\t\t\t<div class=\"elementor-container elementor-column-gap-default\">\n\t\t\t\t\t<div class=\"elementor-column elementor-col-100 elementor-top-column elementor-element elementor-element-c4393dd\" data-id=\"c4393dd\" data-element_type=\"column\" data-e-type=\"column\">\n\t\t\t<div class=\"elementor-widget-wrap elementor-element-populated\">\n\t\t\t\t\t\t<div class=\"elementor-element elementor-element-5ff80af elementor-drop-cap-yes elementor-widget__width-initial elementor-drop-cap-view-default elementor-widget elementor-widget-text-editor\" data-id=\"5ff80af\" data-element_type=\"widget\" data-e-type=\"widget\" data-settings=\"{&quot;drop_cap&quot;:&quot;yes&quot;}\" data-widget_type=\"text-editor.default\">\n\t\t\t\t<div class=\"elementor-widget-container\">\n\t\t\t\t\t\t\t\t\t<p class=\"p1\" style=\"text-align: left;\"><span style=\"color: #333333;\">Ou l\u2019art du \u00ab&nbsp;Stylo BIC&nbsp;\u00bb<\/span><\/p>\n<p class=\"p1\" style=\"text-align: left;\"><span style=\"color: #333333;\">La\u00ebtitia Gr\u00fcn travaille exclusivement au stylo. <\/span><span style=\"color: #333333;\">M\u00e8re-nature comme source infinie d\u2019inspiration, l\u2019artiste d\u00e9veloppe un langage graphique \u00e0 son image : \u00ab&nbsp;<i>Ma pratique du dessin est \u00e0 mettre en miroir avec ma passion de la marche : r\u00e9gularit\u00e9 du geste, r\u00e9p\u00e9tition, endurance.<span class=\"Apple-converted-space\">&nbsp;<\/span><\/i><\/span><span style=\"color: #333333;\"><i>En randonn\u00e9e, mon corps et ma pens\u00e9e se d\u00e9tachent progressivement. Alors que je divague, au bout de mes doigts le stylo suit sa course. Il trace une ligne, un horizon, un paysage, une forme, reflet de la po\u00e9sie de l\u2019instant&nbsp;<\/i>\u00bb. <\/span><\/p>\n<p class=\"p1\" style=\"text-align: left;\"><span style=\"color: #333333;\">Par une manipulation d\u00e9licate et pr\u00e9cise de ses BIC, La\u00ebtitia Gr\u00fcn reproduit avec finesse ses sujets de contemplation : les traits les plus fins sont d\u2019abord appos\u00e9s \u00e0 la mine du stylo, puis elle d\u00e9monte son outil pour d\u00e9poser ses aplats de couleur, n\u2019h\u00e9sitant pas \u00e0 casser le r\u00e9servoir d\u2019encre et terminer le travail au pinceau. Attach\u00e9e au respect du papier et \u00e0 la mati\u00e8re, La\u00ebtitia Gr\u00fcn aime jouer de ses supports : papiers anciens, pages de livres d\u00e9tourn\u00e9es, l\u2019artiste laisse parfois volontairement appara\u00eetre quelques mots \u00e0 travers ses bleus profonds ou transparents.<span class=\"Apple-converted-space\">&nbsp;<\/span><\/span><\/p><p class=\"p1\" style=\"text-align: left;\"><b style=\"color: rgb(51, 51, 51); font-family: inherit; font-style: inherit; text-align: right; letter-spacing: 1.1px;\">Cl\u00e9mentine Combes, galeriste. Galerie TRALALA<\/b><\/p>\t\t\t\t\t\t\t\t<\/div>\n\t\t\t\t<\/div>\n\t\t\t\t\t<\/div>\n\t\t<\/div>\n\t\t\t\t\t<\/div>\n\t\t<\/section>\n\t\t\t\t<\/div>\n\t\t","protected":false},"excerpt":{"rendered":"<p>Ou l\u2019art du \u00ab&nbsp;Stylo BIC&nbsp;\u00bb La\u00ebtitia Gr\u00fcn travaille exclusivement au stylo. M\u00e8re-nature comme source infinie d\u2019inspiration, l\u2019artiste d\u00e9veloppe un langage graphique \u00e0 son image : \u00ab&nbsp;Ma pratique du dessin est \u00e0 mettre en miroir avec ma passion de la marche : r\u00e9gularit\u00e9 du geste, r\u00e9p\u00e9tition, endurance.&nbsp;En randonn\u00e9e, mon corps et ma pens\u00e9e se d\u00e9tachent progressivement. [&hellip;]<\/p>\n","protected":false},"author":1,"featured_media":0,"parent":0,"menu_order":0,"comment_status":"closed","ping_status":"closed","template":"","meta":{"footnotes":""},"folder":[],"class_list":["post-1232","page","type-page","status-publish","hentry"],"yoast_head":"<!-- This site is optimized with the Yoast SEO plugin v27.4 - https:\/\/yoast.com\/product\/yoast-seo-wordpress\/ -->\n<title>D\u00c9MARCHE ARTISTIQUE &#8226; la\u00ebtitia gr\u00fcn.art<\/title>\n<meta name=\"robots\" content=\"index, follow, max-snippet:-1, max-image-preview:large, max-video-preview:-1\" \/>\n<link rel=\"canonical\" href=\"https:\/\/laetitiagrun.art\/?page_id=1232\" \/>\n<meta property=\"og:locale\" content=\"fr_FR\" \/>\n<meta property=\"og:type\" content=\"article\" \/>\n<meta property=\"og:title\" content=\"D\u00c9MARCHE ARTISTIQUE &#8226; la\u00ebtitia gr\u00fcn.art\" \/>\n<meta property=\"og:description\" content=\"Ou l\u2019art du \u00ab&nbsp;Stylo BIC&nbsp;\u00bb La\u00ebtitia Gr\u00fcn travaille exclusivement au stylo. M\u00e8re-nature comme source infinie d\u2019inspiration, l\u2019artiste d\u00e9veloppe un langage graphique \u00e0 son image : \u00ab&nbsp;Ma pratique du dessin est \u00e0 mettre en miroir avec ma passion de la marche : r\u00e9gularit\u00e9 du geste, r\u00e9p\u00e9tition, endurance.&nbsp;En randonn\u00e9e, mon corps et ma pens\u00e9e se d\u00e9tachent progressivement. [&hellip;]\" \/>\n<meta property=\"og:url\" content=\"https:\/\/laetitiagrun.art\/?page_id=1232\" \/>\n<meta property=\"og:site_name\" content=\"la\u00ebtitia gr\u00fcn.art\" \/>\n<meta property=\"article:modified_time\" content=\"2024-04-25T13:27:15+00:00\" \/>\n<meta name=\"twitter:card\" content=\"summary_large_image\" \/>\n<meta name=\"twitter:label1\" content=\"Dur\u00e9e de lecture estim\u00e9e\" \/>\n\t<meta name=\"twitter:data1\" content=\"1 minute\" \/>\n<script type=\"application\/ld+json\" class=\"yoast-schema-graph\">{\"@context\":\"https:\\\/\\\/schema.org\",\"@graph\":[{\"@type\":\"WebPage\",\"@id\":\"https:\\\/\\\/laetitiagrun.art\\\/?page_id=1232\",\"url\":\"https:\\\/\\\/laetitiagrun.art\\\/?page_id=1232\",\"name\":\"D\u00c9MARCHE ARTISTIQUE &#8226; la\u00ebtitia gr\u00fcn.art\",\"isPartOf\":{\"@id\":\"https:\\\/\\\/laetitiagrun.art\\\/#website\"},\"datePublished\":\"2020-03-05T10:48:40+00:00\",\"dateModified\":\"2024-04-25T13:27:15+00:00\",\"breadcrumb\":{\"@id\":\"https:\\\/\\\/laetitiagrun.art\\\/?page_id=1232#breadcrumb\"},\"inLanguage\":\"fr-FR\",\"potentialAction\":[{\"@type\":\"ReadAction\",\"target\":[\"https:\\\/\\\/laetitiagrun.art\\\/?page_id=1232\"]}]},{\"@type\":\"BreadcrumbList\",\"@id\":\"https:\\\/\\\/laetitiagrun.art\\\/?page_id=1232#breadcrumb\",\"itemListElement\":[{\"@type\":\"ListItem\",\"position\":1,\"name\":\"Accueil\",\"item\":\"https:\\\/\\\/laetitiagrun.art\\\/\"},{\"@type\":\"ListItem\",\"position\":2,\"name\":\"D\u00c9MARCHE ARTISTIQUE\"}]},{\"@type\":\"WebSite\",\"@id\":\"https:\\\/\\\/laetitiagrun.art\\\/#website\",\"url\":\"https:\\\/\\\/laetitiagrun.art\\\/\",\"name\":\"la\u00ebtitiagr\u00fcn.art\",\"description\":\"\",\"publisher\":{\"@id\":\"https:\\\/\\\/laetitiagrun.art\\\/#organization\"},\"potentialAction\":[{\"@type\":\"SearchAction\",\"target\":{\"@type\":\"EntryPoint\",\"urlTemplate\":\"https:\\\/\\\/laetitiagrun.art\\\/?s={search_term_string}\"},\"query-input\":{\"@type\":\"PropertyValueSpecification\",\"valueRequired\":true,\"valueName\":\"search_term_string\"}}],\"inLanguage\":\"fr-FR\"},{\"@type\":\"Organization\",\"@id\":\"https:\\\/\\\/laetitiagrun.art\\\/#organization\",\"name\":\"La\u00ebtitia Gr\u00fcn\",\"url\":\"https:\\\/\\\/laetitiagrun.art\\\/\",\"logo\":{\"@type\":\"ImageObject\",\"inLanguage\":\"fr-FR\",\"@id\":\"https:\\\/\\\/laetitiagrun.art\\\/#\\\/schema\\\/logo\\\/image\\\/\",\"url\":\"https:\\\/\\\/laetitiagrun.art\\\/wp-content\\\/uploads\\\/2019\\\/11\\\/cropped-lae-4.png\",\"contentUrl\":\"https:\\\/\\\/laetitiagrun.art\\\/wp-content\\\/uploads\\\/2019\\\/11\\\/cropped-lae-4.png\",\"width\":512,\"height\":512,\"caption\":\"La\u00ebtitia Gr\u00fcn\"},\"image\":{\"@id\":\"https:\\\/\\\/laetitiagrun.art\\\/#\\\/schema\\\/logo\\\/image\\\/\"},\"sameAs\":[\"https:\\\/\\\/www.instagram.com\\\/laetitia.grun\\\/?hl=fr\"]}]}<\/script>\n<!-- \/ Yoast SEO plugin. -->","yoast_head_json":{"title":"D\u00c9MARCHE ARTISTIQUE &#8226; la\u00ebtitia gr\u00fcn.art","robots":{"index":"index","follow":"follow","max-snippet":"max-snippet:-1","max-image-preview":"max-image-preview:large","max-video-preview":"max-video-preview:-1"},"canonical":"https:\/\/laetitiagrun.art\/?page_id=1232","og_locale":"fr_FR","og_type":"article","og_title":"D\u00c9MARCHE ARTISTIQUE &#8226; la\u00ebtitia gr\u00fcn.art","og_description":"Ou l\u2019art du \u00ab&nbsp;Stylo BIC&nbsp;\u00bb La\u00ebtitia Gr\u00fcn travaille exclusivement au stylo. M\u00e8re-nature comme source infinie d\u2019inspiration, l\u2019artiste d\u00e9veloppe un langage graphique \u00e0 son image : \u00ab&nbsp;Ma pratique du dessin est \u00e0 mettre en miroir avec ma passion de la marche : r\u00e9gularit\u00e9 du geste, r\u00e9p\u00e9tition, endurance.&nbsp;En randonn\u00e9e, mon corps et ma pens\u00e9e se d\u00e9tachent progressivement. [&hellip;]","og_url":"https:\/\/laetitiagrun.art\/?page_id=1232","og_site_name":"la\u00ebtitia gr\u00fcn.art","article_modified_time":"2024-04-25T13:27:15+00:00","twitter_card":"summary_large_image","twitter_misc":{"Dur\u00e9e de lecture estim\u00e9e":"1 minute"},"schema":{"@context":"https:\/\/schema.org","@graph":[{"@type":"WebPage","@id":"https:\/\/laetitiagrun.art\/?page_id=1232","url":"https:\/\/laetitiagrun.art\/?page_id=1232","name":"D\u00c9MARCHE ARTISTIQUE &#8226; la\u00ebtitia gr\u00fcn.art","isPartOf":{"@id":"https:\/\/laetitiagrun.art\/#website"},"datePublished":"2020-03-05T10:48:40+00:00","dateModified":"2024-04-25T13:27:15+00:00","breadcrumb":{"@id":"https:\/\/laetitiagrun.art\/?page_id=1232#breadcrumb"},"inLanguage":"fr-FR","potentialAction":[{"@type":"ReadAction","target":["https:\/\/laetitiagrun.art\/?page_id=1232"]}]},{"@type":"BreadcrumbList","@id":"https:\/\/laetitiagrun.art\/?page_id=1232#breadcrumb","itemListElement":[{"@type":"ListItem","position":1,"name":"Accueil","item":"https:\/\/laetitiagrun.art\/"},{"@type":"ListItem","position":2,"name":"D\u00c9MARCHE ARTISTIQUE"}]},{"@type":"WebSite","@id":"https:\/\/laetitiagrun.art\/#website","url":"https:\/\/laetitiagrun.art\/","name":"la\u00ebtitiagr\u00fcn.art","description":"","publisher":{"@id":"https:\/\/laetitiagrun.art\/#organization"},"potentialAction":[{"@type":"SearchAction","target":{"@type":"EntryPoint","urlTemplate":"https:\/\/laetitiagrun.art\/?s={search_term_string}"},"query-input":{"@type":"PropertyValueSpecification","valueRequired":true,"valueName":"search_term_string"}}],"inLanguage":"fr-FR"},{"@type":"Organization","@id":"https:\/\/laetitiagrun.art\/#organization","name":"La\u00ebtitia Gr\u00fcn","url":"https:\/\/laetitiagrun.art\/","logo":{"@type":"ImageObject","inLanguage":"fr-FR","@id":"https:\/\/laetitiagrun.art\/#\/schema\/logo\/image\/","url":"https:\/\/laetitiagrun.art\/wp-content\/uploads\/2019\/11\/cropped-lae-4.png","contentUrl":"https:\/\/laetitiagrun.art\/wp-content\/uploads\/2019\/11\/cropped-lae-4.png","width":512,"height":512,"caption":"La\u00ebtitia Gr\u00fcn"},"image":{"@id":"https:\/\/laetitiagrun.art\/#\/schema\/logo\/image\/"},"sameAs":["https:\/\/www.instagram.com\/laetitia.grun\/?hl=fr"]}]}},"_links":{"self":[{"href":"https:\/\/laetitiagrun.art\/index.php?rest_route=\/wp\/v2\/pages\/1232","targetHints":{"allow":["GET"]}}],"collection":[{"href":"https:\/\/laetitiagrun.art\/index.php?rest_route=\/wp\/v2\/pages"}],"about":[{"href":"https:\/\/laetitiagrun.art\/index.php?rest_route=\/wp\/v2\/types\/page"}],"author":[{"embeddable":true,"href":"https:\/\/laetitiagrun.art\/index.php?rest_route=\/wp\/v2\/users\/1"}],"replies":[{"embeddable":true,"href":"https:\/\/laetitiagrun.art\/index.php?rest_route=%2Fwp%2Fv2%2Fcomments&post=1232"}],"version-history":[{"count":7,"href":"https:\/\/laetitiagrun.art\/index.php?rest_route=\/wp\/v2\/pages\/1232\/revisions"}],"predecessor-version":[{"id":3271,"href":"https:\/\/laetitiagrun.art\/index.php?rest_route=\/wp\/v2\/pages\/1232\/revisions\/3271"}],"wp:attachment":[{"href":"https:\/\/laetitiagrun.art\/index.php?rest_route=%2Fwp%2Fv2%2Fmedia&parent=1232"}],"wp:term":[{"taxonomy":"folder","embeddable":true,"href":"https:\/\/laetitiagrun.art\/index.php?rest_route=%2Fwp%2Fv2%2Ffolder&post=1232"}],"curies":[{"name":"wp","href":"https:\/\/api.w.org\/{rel}","templated":true}]}}